{"id":1044,"date":"2020-08-03T10:26:16","date_gmt":"2020-08-03T08:26:16","guid":{"rendered":"https:\/\/www.hse.cz\/?page_id=1044"},"modified":"2024-04-17T19:30:09","modified_gmt":"2024-04-17T17:30:09","slug":"kontakty-sidlo-spolecnosti-hse","status":"publish","type":"page","link":"https:\/\/www.hse.cz\/index.php\/kontakty-sidlo-spolecnosti-hse\/","title":{"rendered":"S\u00eddlo spole\u010dnosti"},"content":{"rendered":"\t\t<div data-elementor-type=\"wp-page\" data-elementor-id=\"1044\" class=\"elementor elementor-1044\" data-elementor-post-type=\"page\">\n\t\t\t\t\t\t<section class=\"elementor-section elementor-top-section elementor-element elementor-element-036a2e6 elementor-section-content-middle elementor-section-boxed elementor-section-height-default elementor-section-height-default\" data-id=\"036a2e6\" data-element_type=\"section\" data-e-type=\"section\">\n\t\t\t\t\t\t<div class=\"elementor-container elementor-column-gap-no\">\n\t\t\t\t\t<div class=\"elementor-column elementor-col-100 elementor-top-column elementor-element elementor-element-79e2168\" data-id=\"79e2168\" data-element_type=\"column\" data-e-type=\"column\">\n\t\t\t<div class=\"elementor-widget-wrap elementor-element-populated\">\n\t\t\t\t\t\t<div class=\"elementor-element elementor-element-99771bd elementor-widget elementor-widget-heading\" data-id=\"99771bd\" data-element_type=\"widget\" data-e-type=\"widget\" data-widget_type=\"heading.default\">\n\t\t\t\t<div class=\"elementor-widget-container\">\n\t\t\t\t\t<h1 class=\"elementor-heading-title elementor-size-large\">S\u00eddlo spole\u010dnosti<\/h1>\t\t\t\t<\/div>\n\t\t\t\t<\/div>\n\t\t\t\t<div class=\"elementor-element elementor-element-700c390 elementor-widget-divider--view-line elementor-widget elementor-widget-divider\" data-id=\"700c390\" data-element_type=\"widget\" data-e-type=\"widget\" data-widget_type=\"divider.default\">\n\t\t\t\t<div class=\"elementor-widget-container\">\n\t\t\t\t\t\t\t<div class=\"elementor-divider\">\n\t\t\t<span class=\"elementor-divider-separator\">\n\t\t\t\t\t\t<\/span>\n\t\t<\/div>\n\t\t\t\t\t\t<\/div>\n\t\t\t\t<\/div>\n\t\t\t\t<div class=\"elementor-element elementor-element-37944c4 elementor-widget elementor-widget-text-editor\" data-id=\"37944c4\" data-element_type=\"widget\" data-e-type=\"widget\" data-widget_type=\"text-editor.default\">\n\t\t\t\t<div class=\"elementor-widget-container\">\n\t\t\t\t\t\t\t\t\t<p>Pot\u0159ebujete poradit s v\u00fdb\u011brem na\u0161ich produkt\u016f nebo zjistit jak\u00e9 by bylo nejlep\u0161\u00ed technick\u00e9 \u0159e\u0161en\u00ed dve\u0159n\u00edch syst\u00e9mu pro V\u00e1\u0161 projekt?<br \/>Zavolejte, napi\u0161te e-mail nebo se zastavte osobn\u011b na na\u0161\u00ed pobo\u010dce v Humpolci, kde se s V\u00e1mi r\u00e1di osobn\u011b setk\u00e1me.<\/p>\t\t\t\t\t\t\t\t<\/div>\n\t\t\t\t<\/div>\n\t\t\t\t<section class=\"elementor-section elementor-inner-section elementor-element elementor-element-f21b75f elementor-section-full_width elementor-section-height-default elementor-section-height-default\" data-id=\"f21b75f\" data-element_type=\"section\" data-e-type=\"section\">\n\t\t\t\t\t\t<div class=\"elementor-container elementor-column-gap-default\">\n\t\t\t\t\t<div class=\"elementor-column elementor-col-33 elementor-inner-column elementor-element elementor-element-15e1c69\" data-id=\"15e1c69\" data-element_type=\"column\" data-e-type=\"column\" data-settings=\"{&quot;background_background&quot;:&quot;classic&quot;}\">\n\t\t\t<div class=\"elementor-widget-wrap elementor-element-populated\">\n\t\t\t\t\t\t<div class=\"elementor-element elementor-element-a5889cc elementor-widget elementor-widget-heading\" data-id=\"a5889cc\" data-element_type=\"widget\" data-e-type=\"widget\" data-widget_type=\"heading.default\">\n\t\t\t\t<div class=\"elementor-widget-container\">\n\t\t\t\t\t<div class=\"elementor-heading-title elementor-size-default\">Obchodn\u00ed kontakt<\/div>\t\t\t\t<\/div>\n\t\t\t\t<\/div>\n\t\t\t\t<div class=\"elementor-element elementor-element-3fe65e1 elementor-icon-list--layout-traditional elementor-list-item-link-full_width elementor-widget elementor-widget-icon-list\" data-id=\"3fe65e1\" data-element_type=\"widget\" data-e-type=\"widget\" data-widget_type=\"icon-list.default\">\n\t\t\t\t<div class=\"elementor-widget-container\">\n\t\t\t\t\t\t\t<ul class=\"elementor-icon-list-items\">\n\t\t\t\t\t\t\t<li class=\"elementor-icon-list-item\">\n\t\t\t\t\t\t\t\t\t\t\t<span class=\"elementor-icon-list-icon\">\n\t\t\t\t\t\t\t<i aria-hidden=\"true\" class=\"fas fa-map-marker-alt\"><\/i>\t\t\t\t\t\t<\/span>\n\t\t\t\t\t\t\t\t\t\t<span class=\"elementor-icon-list-text\"><p>HSE, spol. s r.o.<\/p>\n<p>Nerudova 957<\/p>\n<p>396 01 Humpolec, CZ<\/p><\/span>\n\t\t\t\t\t\t\t\t\t<\/li>\n\t\t\t\t\t\t<\/ul>\n\t\t\t\t\t\t<\/div>\n\t\t\t\t<\/div>\n\t\t\t\t<div class=\"elementor-element elementor-element-5771b9d elementor-icon-list--layout-traditional elementor-list-item-link-full_width elementor-widget elementor-widget-icon-list\" data-id=\"5771b9d\" data-element_type=\"widget\" data-e-type=\"widget\" data-widget_type=\"icon-list.default\">\n\t\t\t\t<div class=\"elementor-widget-container\">\n\t\t\t\t\t\t\t<ul class=\"elementor-icon-list-items\">\n\t\t\t\t\t\t\t<li class=\"elementor-icon-list-item\">\n\t\t\t\t\t\t\t\t\t\t\t<a href=\"mailto:obchod@jeldwen.com\">\n\n\t\t\t\t\t\t\t\t\t\t\t\t<span class=\"elementor-icon-list-icon\">\n\t\t\t\t\t\t\t<i aria-hidden=\"true\" class=\"fas fa-envelope\"><\/i>\t\t\t\t\t\t<\/span>\n\t\t\t\t\t\t\t\t\t\t<span class=\"elementor-icon-list-text\">obchod@jeldwen.com<\/span>\n\t\t\t\t\t\t\t\t\t\t\t<\/a>\n\t\t\t\t\t\t\t\t\t<\/li>\n\t\t\t\t\t\t\t\t<li class=\"elementor-icon-list-item\">\n\t\t\t\t\t\t\t\t\t\t\t<a href=\"https:\/\/www.hse.cz\/index.php\/seznam-kontaktu-hse\/\">\n\n\t\t\t\t\t\t\t\t\t\t\t\t<span class=\"elementor-icon-list-icon\">\n\t\t\t\t\t\t\t<i aria-hidden=\"true\" class=\"fas fa-phone-alt\"><\/i>\t\t\t\t\t\t<\/span>\n\t\t\t\t\t\t\t\t\t\t<span class=\"elementor-icon-list-text\">SEZNAM KONTAKT\u016e<\/span>\n\t\t\t\t\t\t\t\t\t\t\t<\/a>\n\t\t\t\t\t\t\t\t\t<\/li>\n\t\t\t\t\t\t<\/ul>\n\t\t\t\t\t\t<\/div>\n\t\t\t\t<\/div>\n\t\t\t\t\t<\/div>\n\t\t<\/div>\n\t\t\t\t<div class=\"elementor-column elementor-col-33 elementor-inner-column elementor-element elementor-element-5ef1972\" data-id=\"5ef1972\" data-element_type=\"column\" data-e-type=\"column\" data-settings=\"{&quot;background_background&quot;:&quot;classic&quot;}\">\n\t\t\t<div class=\"elementor-widget-wrap elementor-element-populated\">\n\t\t\t\t\t\t<div class=\"elementor-element elementor-element-221580d elementor-widget elementor-widget-heading\" data-id=\"221580d\" data-element_type=\"widget\" data-e-type=\"widget\" data-widget_type=\"heading.default\">\n\t\t\t\t<div class=\"elementor-widget-container\">\n\t\t\t\t\t<div class=\"elementor-heading-title elementor-size-default\">Faktura\u010dn\u00ed adresa<\/div>\t\t\t\t<\/div>\n\t\t\t\t<\/div>\n\t\t\t\t<div class=\"elementor-element elementor-element-aaaf924 elementor-icon-list--layout-traditional elementor-list-item-link-full_width elementor-widget elementor-widget-icon-list\" data-id=\"aaaf924\" data-element_type=\"widget\" data-e-type=\"widget\" data-widget_type=\"icon-list.default\">\n\t\t\t\t<div class=\"elementor-widget-container\">\n\t\t\t\t\t\t\t<ul class=\"elementor-icon-list-items\">\n\t\t\t\t\t\t\t<li class=\"elementor-icon-list-item\">\n\t\t\t\t\t\t\t\t\t\t\t<span class=\"elementor-icon-list-icon\">\n\t\t\t\t\t\t\t<i aria-hidden=\"true\" class=\"fas fa-map-marker-alt\"><\/i>\t\t\t\t\t\t<\/span>\n\t\t\t\t\t\t\t\t\t\t<span class=\"elementor-icon-list-text\"><p>HSE, spol. s r.o.<\/p>\n<p>Nerudova 957<\/p>\n<p>396 01 Humpolec, CZ<\/p>\n<p>I\u010c: 45033145<\/p>\n<p>DI\u010c: CZ45033145<\/p>\n<p>Datov\u00e1 schr\u00e1nka: 6d3az35<\/p><\/span>\n\t\t\t\t\t\t\t\t\t<\/li>\n\t\t\t\t\t\t<\/ul>\n\t\t\t\t\t\t<\/div>\n\t\t\t\t<\/div>\n\t\t\t\t<div class=\"elementor-element elementor-element-ead9f7d elementor-icon-list--layout-traditional elementor-list-item-link-full_width elementor-widget elementor-widget-icon-list\" data-id=\"ead9f7d\" data-element_type=\"widget\" data-e-type=\"widget\" data-widget_type=\"icon-list.default\">\n\t\t\t\t<div class=\"elementor-widget-container\">\n\t\t\t\t\t\t\t<ul class=\"elementor-icon-list-items\">\n\t\t\t\t\t\t\t<li class=\"elementor-icon-list-item\">\n\t\t\t\t\t\t\t\t\t\t\t<a href=\"mailto:fakturace@hse.cz\">\n\n\t\t\t\t\t\t\t\t\t\t\t\t<span class=\"elementor-icon-list-icon\">\n\t\t\t\t\t\t\t<i aria-hidden=\"true\" class=\"fas fa-envelope\"><\/i>\t\t\t\t\t\t<\/span>\n\t\t\t\t\t\t\t\t\t\t<span class=\"elementor-icon-list-text\">fakturace@hse.cz<\/span>\n\t\t\t\t\t\t\t\t\t\t\t<\/a>\n\t\t\t\t\t\t\t\t\t<\/li>\n\t\t\t\t\t\t<\/ul>\n\t\t\t\t\t\t<\/div>\n\t\t\t\t<\/div>\n\t\t\t\t\t<\/div>\n\t\t<\/div>\n\t\t\t\t<div class=\"elementor-column elementor-col-33 elementor-inner-column elementor-element elementor-element-4150955\" data-id=\"4150955\" data-element_type=\"column\" data-e-type=\"column\" data-settings=\"{&quot;background_background&quot;:&quot;classic&quot;}\">\n\t\t\t<div class=\"elementor-widget-wrap elementor-element-populated\">\n\t\t\t\t\t\t<div class=\"elementor-element elementor-element-1381b13 elementor-widget elementor-widget-heading\" data-id=\"1381b13\" data-element_type=\"widget\" data-e-type=\"widget\" data-widget_type=\"heading.default\">\n\t\t\t\t<div class=\"elementor-widget-container\">\n\t\t\t\t\t<div class=\"elementor-heading-title elementor-size-default\">provozn\u00ed doba<\/div>\t\t\t\t<\/div>\n\t\t\t\t<\/div>\n\t\t\t\t<div class=\"elementor-element elementor-element-6a0e58e elementor-icon-list--layout-traditional elementor-list-item-link-full_width elementor-widget elementor-widget-icon-list\" data-id=\"6a0e58e\" data-element_type=\"widget\" data-e-type=\"widget\" data-widget_type=\"icon-list.default\">\n\t\t\t\t<div class=\"elementor-widget-container\">\n\t\t\t\t\t\t\t<ul class=\"elementor-icon-list-items\">\n\t\t\t\t\t\t\t<li class=\"elementor-icon-list-item\">\n\t\t\t\t\t\t\t\t\t\t\t<span class=\"elementor-icon-list-icon\">\n\t\t\t\t\t\t\t<i aria-hidden=\"true\" class=\"far fa-clock\"><\/i>\t\t\t\t\t\t<\/span>\n\t\t\t\t\t\t\t\t\t\t<span class=\"elementor-icon-list-text\">Pond\u011bl\u00ed - p\u00e1tek 8:00 - 15:00<\/span>\n\t\t\t\t\t\t\t\t\t<\/li>\n\t\t\t\t\t\t\t\t<li class=\"elementor-icon-list-item\">\n\t\t\t\t\t\t\t\t\t\t\t<a href=\"tel:00420565501112\">\n\n\t\t\t\t\t\t\t\t\t\t\t\t<span class=\"elementor-icon-list-icon\">\n\t\t\t\t\t\t\t<i aria-hidden=\"true\" class=\"fas fa-phone-alt\"><\/i>\t\t\t\t\t\t<\/span>\n\t\t\t\t\t\t\t\t\t\t<span class=\"elementor-icon-list-text\">+420 565 501 112<\/span>\n\t\t\t\t\t\t\t\t\t\t\t<\/a>\n\t\t\t\t\t\t\t\t\t<\/li>\n\t\t\t\t\t\t<\/ul>\n\t\t\t\t\t\t<\/div>\n\t\t\t\t<\/div>\n\t\t\t\t\t<\/div>\n\t\t<\/div>\n\t\t\t\t\t<\/div>\n\t\t<\/section>\n\t\t\t\t<div class=\"elementor-element elementor-element-dd73adc elementor-widget elementor-widget-image\" data-id=\"dd73adc\" data-element_type=\"widget\" data-e-type=\"widget\" data-widget_type=\"image.default\">\n\t\t\t\t<div class=\"elementor-widget-container\">\n\t\t\t\t\t\t\t\t\t\t\t\t\t\t\t<img fetchpriority=\"high\" decoding=\"async\" width=\"1920\" height=\"1027\" src=\"https:\/\/www.hse.cz\/wp-content\/uploads\/2023\/08\/hse-letecky-snimek.jpg\" class=\"attachment-full size-full wp-image-12491\" alt=\"\" srcset=\"https:\/\/www.hse.cz\/wp-content\/uploads\/2023\/08\/hse-letecky-snimek.jpg 1920w, https:\/\/www.hse.cz\/wp-content\/uploads\/2023\/08\/hse-letecky-snimek-300x160.jpg 300w, https:\/\/www.hse.cz\/wp-content\/uploads\/2023\/08\/hse-letecky-snimek-1024x548.jpg 1024w, https:\/\/www.hse.cz\/wp-content\/uploads\/2023\/08\/hse-letecky-snimek-768x411.jpg 768w, https:\/\/www.hse.cz\/wp-content\/uploads\/2023\/08\/hse-letecky-snimek-1536x822.jpg 1536w\" sizes=\"(max-width: 1920px) 100vw, 1920px\" \/>\t\t\t\t\t\t\t\t\t\t\t\t\t\t\t<\/div>\n\t\t\t\t<\/div>\n\t\t\t\t\t<\/div>\n\t\t<\/div>\n\t\t\t\t\t<\/div>\n\t\t<\/section>\n\t\t\t\t<section class=\"elementor-section elementor-top-section elementor-element elementor-element-4998f1f elementor-section-height-min-height elementor-section-content-middle elementor-section-full_width elementor-section-height-default elementor-section-items-middle\" data-id=\"4998f1f\" data-element_type=\"section\" data-e-type=\"section\" data-settings=\"{&quot;background_background&quot;:&quot;classic&quot;}\">\n\t\t\t\t\t\t\t<div class=\"elementor-background-overlay\"><\/div>\n\t\t\t\t\t\t\t<div class=\"elementor-container elementor-column-gap-no\">\n\t\t\t\t\t<div class=\"elementor-column elementor-col-100 elementor-top-column elementor-element elementor-element-9ee4ab5\" data-id=\"9ee4ab5\" data-element_type=\"column\" data-e-type=\"column\">\n\t\t\t<div class=\"elementor-widget-wrap elementor-element-populated\">\n\t\t\t\t\t\t<div class=\"elementor-element elementor-element-10f1bde elementor-widget elementor-widget-google_maps\" data-id=\"10f1bde\" data-element_type=\"widget\" data-e-type=\"widget\" data-widget_type=\"google_maps.default\">\n\t\t\t\t<div class=\"elementor-widget-container\">\n\t\t\t\t\t\t\t<div class=\"elementor-custom-embed\">\n\t\t\t<iframe loading=\"lazy\"\n\t\t\t\t\tsrc=\"https:\/\/maps.google.com\/maps?q=HSE%2C%20Humpolec&#038;t=m&#038;z=14&#038;output=embed&#038;iwloc=near\"\n\t\t\t\t\ttitle=\"HSE, Humpolec\"\n\t\t\t\t\taria-label=\"HSE, Humpolec\"\n\t\t\t><\/iframe>\n\t\t<\/div>\n\t\t\t\t\t\t<\/div>\n\t\t\t\t<\/div>\n\t\t\t\t\t<\/div>\n\t\t<\/div>\n\t\t\t\t\t<\/div>\n\t\t<\/section>\n\t\t\t\t<\/div>\n\t\t","protected":false},"excerpt":{"rendered":"<p>S\u00eddlo spole\u010dnosti Pot\u0159ebujete poradit s v\u00fdb\u011brem na\u0161ich produkt\u016f nebo zjistit jak\u00e9 by bylo nejlep\u0161\u00ed technick\u00e9 \u0159e\u0161en\u00ed dve\u0159n\u00edch syst\u00e9mu pro V\u00e1\u0161 projekt?Zavolejte, napi\u0161te e-mail nebo se zastavte osobn\u011b na na\u0161\u00ed pobo\u010dce v Humpolci, kde se s V\u00e1mi r\u00e1di osobn\u011b setk\u00e1me. Obchodn\u00ed kontakt obchod@jeldwen.com SEZNAM KONTAKT\u016e Faktura\u010dn\u00ed adresa fakturace@hse.cz provozn\u00ed doba +420 565 501 112<\/p>\n","protected":false},"author":1,"featured_media":0,"parent":0,"menu_order":0,"comment_status":"closed","ping_status":"closed","template":"elementor_header_footer","meta":{"_acf_changed":false,"iawp_total_views":210,"footnotes":""},"folder":[],"class_list":["post-1044","page","type-page","status-publish","hentry"],"acf":[],"yoast_head":"<!-- This site is optimized with the Yoast SEO plugin v27.5 - https:\/\/yoast.com\/product\/yoast-seo-wordpress\/ -->\n<title>S\u00eddlo spole\u010dnosti - HSE, spol. s r.o.<\/title>\n<meta name=\"description\" content=\"Kvalitn\u00ed ocelov\u00e9 z\u00e1rubn\u011b, dve\u0159e a protipo\u017e\u00e1rn\u00ed uz\u00e1v\u011bry pro V\u00e1\u0161 projekt. Kontaktujte n\u00e1s nebo nav\u0161tivte osobn\u011b na na\u0161\u00ed pobo\u010dce v Humpolci.\" \/>\n<meta name=\"robots\" content=\"index, follow, max-snippet:-1, max-image-preview:large, max-video-preview:-1\" \/>\n<link rel=\"canonical\" href=\"https:\/\/www.hse.cz\/index.php\/kontakty-sidlo-spolecnosti-hse\/\" \/>\n<meta property=\"og:locale\" content=\"cs_CZ\" \/>\n<meta property=\"og:type\" content=\"article\" \/>\n<meta property=\"og:title\" content=\"S\u00eddlo spole\u010dnosti - HSE, spol. s r.o.\" \/>\n<meta property=\"og:description\" content=\"Kvalitn\u00ed ocelov\u00e9 z\u00e1rubn\u011b, dve\u0159e a protipo\u017e\u00e1rn\u00ed uz\u00e1v\u011bry pro V\u00e1\u0161 projekt. Kontaktujte n\u00e1s nebo nav\u0161tivte osobn\u011b na na\u0161\u00ed pobo\u010dce v Humpolci.\" \/>\n<meta property=\"og:url\" content=\"https:\/\/www.hse.cz\/index.php\/kontakty-sidlo-spolecnosti-hse\/\" \/>\n<meta property=\"og:site_name\" content=\"HSE, spol. s r.o.\" \/>\n<meta property=\"article:publisher\" content=\"https:\/\/www.facebook.com\/HSEcz\/?locale=cs_CZ\" \/>\n<meta property=\"article:modified_time\" content=\"2024-04-17T17:30:09+00:00\" \/>\n<meta property=\"og:image\" content=\"https:\/\/www.hse.cz\/wp-content\/uploads\/2023\/08\/hse-letecky-snimek.jpg\" \/>\n<meta name=\"twitter:card\" content=\"summary_large_image\" \/>\n<meta name=\"twitter:label1\" content=\"Odhadovan\u00e1 doba \u010dten\u00ed\" \/>\n\t<meta name=\"twitter:data1\" content=\"1 minuta\" \/>\n<script type=\"application\/ld+json\" class=\"yoast-schema-graph\">{\"@context\":\"https:\\\/\\\/schema.org\",\"@graph\":[{\"@type\":\"WebPage\",\"@id\":\"https:\\\/\\\/www.hse.cz\\\/index.php\\\/kontakty-sidlo-spolecnosti-hse\\\/\",\"url\":\"https:\\\/\\\/www.hse.cz\\\/index.php\\\/kontakty-sidlo-spolecnosti-hse\\\/\",\"name\":\"S\u00eddlo spole\u010dnosti - HSE, spol. s r.o.\",\"isPartOf\":{\"@id\":\"https:\\\/\\\/www.hse.cz\\\/#website\"},\"primaryImageOfPage\":{\"@id\":\"https:\\\/\\\/www.hse.cz\\\/index.php\\\/kontakty-sidlo-spolecnosti-hse\\\/#primaryimage\"},\"image\":{\"@id\":\"https:\\\/\\\/www.hse.cz\\\/index.php\\\/kontakty-sidlo-spolecnosti-hse\\\/#primaryimage\"},\"thumbnailUrl\":\"https:\\\/\\\/www.hse.cz\\\/wp-content\\\/uploads\\\/2023\\\/08\\\/hse-letecky-snimek.jpg\",\"datePublished\":\"2020-08-03T08:26:16+00:00\",\"dateModified\":\"2024-04-17T17:30:09+00:00\",\"description\":\"Kvalitn\u00ed ocelov\u00e9 z\u00e1rubn\u011b, dve\u0159e a protipo\u017e\u00e1rn\u00ed uz\u00e1v\u011bry pro V\u00e1\u0161 projekt. Kontaktujte n\u00e1s nebo nav\u0161tivte osobn\u011b na na\u0161\u00ed pobo\u010dce v Humpolci.\",\"breadcrumb\":{\"@id\":\"https:\\\/\\\/www.hse.cz\\\/index.php\\\/kontakty-sidlo-spolecnosti-hse\\\/#breadcrumb\"},\"inLanguage\":\"cs\",\"potentialAction\":[{\"@type\":\"ReadAction\",\"target\":[\"https:\\\/\\\/www.hse.cz\\\/index.php\\\/kontakty-sidlo-spolecnosti-hse\\\/\"]}]},{\"@type\":\"ImageObject\",\"inLanguage\":\"cs\",\"@id\":\"https:\\\/\\\/www.hse.cz\\\/index.php\\\/kontakty-sidlo-spolecnosti-hse\\\/#primaryimage\",\"url\":\"https:\\\/\\\/www.hse.cz\\\/wp-content\\\/uploads\\\/2023\\\/08\\\/hse-letecky-snimek.jpg\",\"contentUrl\":\"https:\\\/\\\/www.hse.cz\\\/wp-content\\\/uploads\\\/2023\\\/08\\\/hse-letecky-snimek.jpg\",\"width\":1920,\"height\":1027},{\"@type\":\"BreadcrumbList\",\"@id\":\"https:\\\/\\\/www.hse.cz\\\/index.php\\\/kontakty-sidlo-spolecnosti-hse\\\/#breadcrumb\",\"itemListElement\":[{\"@type\":\"ListItem\",\"position\":1,\"name\":\"Home\",\"item\":\"https:\\\/\\\/www.hse.cz\\\/\"},{\"@type\":\"ListItem\",\"position\":2,\"name\":\"S\u00eddlo spole\u010dnosti\"}]},{\"@type\":\"WebSite\",\"@id\":\"https:\\\/\\\/www.hse.cz\\\/#website\",\"url\":\"https:\\\/\\\/www.hse.cz\\\/\",\"name\":\"HSE, spol. s r.o.\",\"description\":\"Ocelov\u00e9 dve\u0159e, z\u00e1rubn\u011b a po\u017e\u00e1rn\u00ed uz\u00e1v\u011bry na m\u00edru\",\"publisher\":{\"@id\":\"https:\\\/\\\/www.hse.cz\\\/#organization\"},\"alternateName\":\"Humpoleck\u00e9 stavebn\u00ed elementy\",\"potentialAction\":[{\"@type\":\"SearchAction\",\"target\":{\"@type\":\"EntryPoint\",\"urlTemplate\":\"https:\\\/\\\/www.hse.cz\\\/?s={search_term_string}\"},\"query-input\":{\"@type\":\"PropertyValueSpecification\",\"valueRequired\":true,\"valueName\":\"search_term_string\"}}],\"inLanguage\":\"cs\"},{\"@type\":\"Organization\",\"@id\":\"https:\\\/\\\/www.hse.cz\\\/#organization\",\"name\":\"HSE, spol. s r.o.\",\"alternateName\":\"Humpoleck\u00e9 stavebn\u00ed elementy\",\"url\":\"https:\\\/\\\/www.hse.cz\\\/\",\"logo\":{\"@type\":\"ImageObject\",\"inLanguage\":\"cs\",\"@id\":\"https:\\\/\\\/www.hse.cz\\\/#\\\/schema\\\/logo\\\/image\\\/\",\"url\":\"https:\\\/\\\/www.hse.cz\\\/wp-content\\\/uploads\\\/2019\\\/11\\\/hse_web_logo_2020.svg\",\"contentUrl\":\"https:\\\/\\\/www.hse.cz\\\/wp-content\\\/uploads\\\/2019\\\/11\\\/hse_web_logo_2020.svg\",\"caption\":\"HSE, spol. s r.o.\"},\"image\":{\"@id\":\"https:\\\/\\\/www.hse.cz\\\/#\\\/schema\\\/logo\\\/image\\\/\"},\"sameAs\":[\"https:\\\/\\\/www.facebook.com\\\/HSEcz\\\/?locale=cs_CZ\"]}]}<\/script>\n<!-- \/ Yoast SEO plugin. -->","yoast_head_json":{"title":"S\u00eddlo spole\u010dnosti - HSE, spol. s r.o.","description":"Kvalitn\u00ed ocelov\u00e9 z\u00e1rubn\u011b, dve\u0159e a protipo\u017e\u00e1rn\u00ed uz\u00e1v\u011bry pro V\u00e1\u0161 projekt. Kontaktujte n\u00e1s nebo nav\u0161tivte osobn\u011b na na\u0161\u00ed pobo\u010dce v Humpolci.","robots":{"index":"index","follow":"follow","max-snippet":"max-snippet:-1","max-image-preview":"max-image-preview:large","max-video-preview":"max-video-preview:-1"},"canonical":"https:\/\/www.hse.cz\/index.php\/kontakty-sidlo-spolecnosti-hse\/","og_locale":"cs_CZ","og_type":"article","og_title":"S\u00eddlo spole\u010dnosti - HSE, spol. s r.o.","og_description":"Kvalitn\u00ed ocelov\u00e9 z\u00e1rubn\u011b, dve\u0159e a protipo\u017e\u00e1rn\u00ed uz\u00e1v\u011bry pro V\u00e1\u0161 projekt. Kontaktujte n\u00e1s nebo nav\u0161tivte osobn\u011b na na\u0161\u00ed pobo\u010dce v Humpolci.","og_url":"https:\/\/www.hse.cz\/index.php\/kontakty-sidlo-spolecnosti-hse\/","og_site_name":"HSE, spol. s r.o.","article_publisher":"https:\/\/www.facebook.com\/HSEcz\/?locale=cs_CZ","article_modified_time":"2024-04-17T17:30:09+00:00","og_image":[{"url":"https:\/\/www.hse.cz\/wp-content\/uploads\/2023\/08\/hse-letecky-snimek.jpg","type":"","width":"","height":""}],"twitter_card":"summary_large_image","twitter_misc":{"Odhadovan\u00e1 doba \u010dten\u00ed":"1 minuta"},"schema":{"@context":"https:\/\/schema.org","@graph":[{"@type":"WebPage","@id":"https:\/\/www.hse.cz\/index.php\/kontakty-sidlo-spolecnosti-hse\/","url":"https:\/\/www.hse.cz\/index.php\/kontakty-sidlo-spolecnosti-hse\/","name":"S\u00eddlo spole\u010dnosti - HSE, spol. s r.o.","isPartOf":{"@id":"https:\/\/www.hse.cz\/#website"},"primaryImageOfPage":{"@id":"https:\/\/www.hse.cz\/index.php\/kontakty-sidlo-spolecnosti-hse\/#primaryimage"},"image":{"@id":"https:\/\/www.hse.cz\/index.php\/kontakty-sidlo-spolecnosti-hse\/#primaryimage"},"thumbnailUrl":"https:\/\/www.hse.cz\/wp-content\/uploads\/2023\/08\/hse-letecky-snimek.jpg","datePublished":"2020-08-03T08:26:16+00:00","dateModified":"2024-04-17T17:30:09+00:00","description":"Kvalitn\u00ed ocelov\u00e9 z\u00e1rubn\u011b, dve\u0159e a protipo\u017e\u00e1rn\u00ed uz\u00e1v\u011bry pro V\u00e1\u0161 projekt. Kontaktujte n\u00e1s nebo nav\u0161tivte osobn\u011b na na\u0161\u00ed pobo\u010dce v Humpolci.","breadcrumb":{"@id":"https:\/\/www.hse.cz\/index.php\/kontakty-sidlo-spolecnosti-hse\/#breadcrumb"},"inLanguage":"cs","potentialAction":[{"@type":"ReadAction","target":["https:\/\/www.hse.cz\/index.php\/kontakty-sidlo-spolecnosti-hse\/"]}]},{"@type":"ImageObject","inLanguage":"cs","@id":"https:\/\/www.hse.cz\/index.php\/kontakty-sidlo-spolecnosti-hse\/#primaryimage","url":"https:\/\/www.hse.cz\/wp-content\/uploads\/2023\/08\/hse-letecky-snimek.jpg","contentUrl":"https:\/\/www.hse.cz\/wp-content\/uploads\/2023\/08\/hse-letecky-snimek.jpg","width":1920,"height":1027},{"@type":"BreadcrumbList","@id":"https:\/\/www.hse.cz\/index.php\/kontakty-sidlo-spolecnosti-hse\/#breadcrumb","itemListElement":[{"@type":"ListItem","position":1,"name":"Home","item":"https:\/\/www.hse.cz\/"},{"@type":"ListItem","position":2,"name":"S\u00eddlo spole\u010dnosti"}]},{"@type":"WebSite","@id":"https:\/\/www.hse.cz\/#website","url":"https:\/\/www.hse.cz\/","name":"HSE, spol. s r.o.","description":"Ocelov\u00e9 dve\u0159e, z\u00e1rubn\u011b a po\u017e\u00e1rn\u00ed uz\u00e1v\u011bry na m\u00edru","publisher":{"@id":"https:\/\/www.hse.cz\/#organization"},"alternateName":"Humpoleck\u00e9 stavebn\u00ed elementy","potentialAction":[{"@type":"SearchAction","target":{"@type":"EntryPoint","urlTemplate":"https:\/\/www.hse.cz\/?s={search_term_string}"},"query-input":{"@type":"PropertyValueSpecification","valueRequired":true,"valueName":"search_term_string"}}],"inLanguage":"cs"},{"@type":"Organization","@id":"https:\/\/www.hse.cz\/#organization","name":"HSE, spol. s r.o.","alternateName":"Humpoleck\u00e9 stavebn\u00ed elementy","url":"https:\/\/www.hse.cz\/","logo":{"@type":"ImageObject","inLanguage":"cs","@id":"https:\/\/www.hse.cz\/#\/schema\/logo\/image\/","url":"https:\/\/www.hse.cz\/wp-content\/uploads\/2019\/11\/hse_web_logo_2020.svg","contentUrl":"https:\/\/www.hse.cz\/wp-content\/uploads\/2019\/11\/hse_web_logo_2020.svg","caption":"HSE, spol. s r.o."},"image":{"@id":"https:\/\/www.hse.cz\/#\/schema\/logo\/image\/"},"sameAs":["https:\/\/www.facebook.com\/HSEcz\/?locale=cs_CZ"]}]}},"_links":{"self":[{"href":"https:\/\/www.hse.cz\/index.php\/wp-json\/wp\/v2\/pages\/1044","targetHints":{"allow":["GET"]}}],"collection":[{"href":"https:\/\/www.hse.cz\/index.php\/wp-json\/wp\/v2\/pages"}],"about":[{"href":"https:\/\/www.hse.cz\/index.php\/wp-json\/wp\/v2\/types\/page"}],"author":[{"embeddable":true,"href":"https:\/\/www.hse.cz\/index.php\/wp-json\/wp\/v2\/users\/1"}],"replies":[{"embeddable":true,"href":"https:\/\/www.hse.cz\/index.php\/wp-json\/wp\/v2\/comments?post=1044"}],"version-history":[{"count":2,"href":"https:\/\/www.hse.cz\/index.php\/wp-json\/wp\/v2\/pages\/1044\/revisions"}],"predecessor-version":[{"id":12921,"href":"https:\/\/www.hse.cz\/index.php\/wp-json\/wp\/v2\/pages\/1044\/revisions\/12921"}],"wp:attachment":[{"href":"https:\/\/www.hse.cz\/index.php\/wp-json\/wp\/v2\/media?parent=1044"}],"wp:term":[{"taxonomy":"folder","embeddable":true,"href":"https:\/\/www.hse.cz\/index.php\/wp-json\/wp\/v2\/folder?post=1044"}],"curies":[{"name":"wp","href":"https:\/\/api.w.org\/{rel}","templated":true}]}}