{"id":13947,"date":"2025-10-15T14:51:45","date_gmt":"2025-10-15T12:51:45","guid":{"rendered":"https:\/\/www.hse.cz\/?page_id=13947"},"modified":"2025-10-15T14:55:33","modified_gmt":"2025-10-15T12:55:33","slug":"vop","status":"publish","type":"page","link":"https:\/\/www.hse.cz\/index.php\/vop\/","title":{"rendered":"VOP"},"content":{"rendered":"\t\t<div data-elementor-type=\"wp-page\" data-elementor-id=\"13947\" class=\"elementor elementor-13947\" data-elementor-post-type=\"page\">\n\t\t\t\t\t\t<section class=\"elementor-section elementor-top-section elementor-element elementor-element-842abc1 elementor-section-boxed elementor-section-height-default elementor-section-height-default\" data-id=\"842abc1\" data-element_type=\"section\" data-e-type=\"section\">\n\t\t\t\t\t\t<div class=\"elementor-container elementor-column-gap-default\">\n\t\t\t\t\t<div class=\"elementor-column elementor-col-100 elementor-top-column elementor-element elementor-element-0701fe6\" data-id=\"0701fe6\" data-element_type=\"column\" data-e-type=\"column\">\n\t\t\t<div class=\"elementor-widget-wrap elementor-element-populated\">\n\t\t\t\t\t\t<div class=\"elementor-element elementor-element-59e7cd3 elementor-widget elementor-widget-heading\" data-id=\"59e7cd3\" data-element_type=\"widget\" data-e-type=\"widget\" data-widget_type=\"heading.default\">\n\t\t\t\t<div class=\"elementor-widget-container\">\n\t\t\t\t\t<h1 class=\"elementor-heading-title elementor-size-default\">VOP<\/h1>\t\t\t\t<\/div>\n\t\t\t\t<\/div>\n\t\t\t\t<div class=\"elementor-element elementor-element-7d3b35f elementor-align-start elementor-icon-list--layout-traditional elementor-list-item-link-full_width elementor-widget elementor-widget-icon-list\" data-id=\"7d3b35f\" data-element_type=\"widget\" data-e-type=\"widget\" data-widget_type=\"icon-list.default\">\n\t\t\t\t<div class=\"elementor-widget-container\">\n\t\t\t\t\t\t\t<ul class=\"elementor-icon-list-items\">\n\t\t\t\t\t\t\t<li class=\"elementor-icon-list-item\">\n\t\t\t\t\t\t\t\t\t\t\t<a href=\"https:\/\/www.hse.cz\/wp-content\/uploads\/2025\/10\/SD-S-004-VOP-HSE-2025-ID-617917.pdf\" target=\"_blank\" rel=\"nofollow\">\n\n\t\t\t\t\t\t\t\t\t\t\t\t<span class=\"elementor-icon-list-icon\">\n\t\t\t\t\t\t\t<i aria-hidden=\"true\" class=\"fas fa-file-download\"><\/i>\t\t\t\t\t\t<\/span>\n\t\t\t\t\t\t\t\t\t\t<span class=\"elementor-icon-list-text\">V\u0161eobecn\u00e9 obchodn\u00ed podm\u00ednky spole\u010dnosti HSE, spol.s.r.o.<\/span>\n\t\t\t\t\t\t\t\t\t\t\t<\/a>\n\t\t\t\t\t\t\t\t\t<\/li>\n\t\t\t\t\t\t<\/ul>\n\t\t\t\t\t\t<\/div>\n\t\t\t\t<\/div>\n\t\t\t\t\t<\/div>\n\t\t<\/div>\n\t\t\t\t\t<\/div>\n\t\t<\/section>\n\t\t\t\t<section class=\"elementor-section elementor-top-section elementor-element elementor-element-d58f96c elementor-section-boxed elementor-section-height-default elementor-section-height-default\" data-id=\"d58f96c\" data-element_type=\"section\" data-e-type=\"section\" data-settings=\"{&quot;background_background&quot;:&quot;classic&quot;}\">\n\t\t\t\t\t\t<div class=\"elementor-container elementor-column-gap-default\">\n\t\t\t\t\t<div class=\"elementor-column elementor-col-100 elementor-top-column elementor-element elementor-element-cb55992\" data-id=\"cb55992\" data-element_type=\"column\" data-e-type=\"column\" data-settings=\"{&quot;background_background&quot;:&quot;classic&quot;}\">\n\t\t\t<div class=\"elementor-widget-wrap elementor-element-populated\">\n\t\t\t\t\t\t<div class=\"elementor-element elementor-element-9c3cdae elementor-widget__width-inherit elementor-widget elementor-widget-text-editor\" data-id=\"9c3cdae\" data-element_type=\"widget\" data-e-type=\"widget\" data-widget_type=\"text-editor.default\">\n\t\t\t\t<div class=\"elementor-widget-container\">\n\t\t\t\t\t\t\t\t\tChcete radu ohledn\u011b mont\u00e1\u017ee na\u0161ich v\u00fdrobk\u016f?\t\t\t\t\t\t\t\t<\/div>\n\t\t\t\t<\/div>\n\t\t\t\t<div class=\"elementor-element elementor-element-63d30be elementor-widget__width-auto elementor-widget-tablet__width-inherit elementor-widget elementor-widget-text-editor\" data-id=\"63d30be\" data-element_type=\"widget\" data-e-type=\"widget\" data-widget_type=\"text-editor.default\">\n\t\t\t\t<div class=\"elementor-widget-container\">\n\t\t\t\t\t\t\t\t\tSpojte se s na\u0161\u00edm obchodn\u00edm t\u00fdmem!\t\t\t\t\t\t\t\t<\/div>\n\t\t\t\t<\/div>\n\t\t\t\t<div class=\"elementor-element elementor-element-1723bed elementor-align-left elementor-tablet-align-center elementor-mobile-align-center elementor-widget__width-auto elementor-widget-tablet__width-inherit elementor-widget elementor-widget-button\" data-id=\"1723bed\" data-element_type=\"widget\" data-e-type=\"widget\" data-widget_type=\"button.default\">\n\t\t\t\t<div class=\"elementor-widget-container\">\n\t\t\t\t\t\t\t\t\t<div class=\"elementor-button-wrapper\">\n\t\t\t\t\t<a class=\"elementor-button elementor-button-link elementor-size-xs\" href=\"https:\/\/www.hse.cz\/index.php\/seznam-kontaktu-hse\/\">\n\t\t\t\t\t\t<span class=\"elementor-button-content-wrapper\">\n\t\t\t\t\t\t<span class=\"elementor-button-icon\">\n\t\t\t\t<i aria-hidden=\"true\" class=\"fas fa-caret-right\"><\/i>\t\t\t<\/span>\n\t\t\t\t\t\t\t\t\t<span class=\"elementor-button-text\">Zobrazit kontakty<\/span>\n\t\t\t\t\t<\/span>\n\t\t\t\t\t<\/a>\n\t\t\t\t<\/div>\n\t\t\t\t\t\t\t\t<\/div>\n\t\t\t\t<\/div>\n\t\t\t\t\t<\/div>\n\t\t<\/div>\n\t\t\t\t\t<\/div>\n\t\t<\/section>\n\t\t\t\t<\/div>\n\t\t","protected":false},"excerpt":{"rendered":"<p>VOP V\u0161eobecn\u00e9 obchodn\u00ed podm\u00ednky spole\u010dnosti HSE, spol.s.r.o. Chcete radu ohledn\u011b mont\u00e1\u017ee na\u0161ich v\u00fdrobk\u016f?Spojte se s na\u0161\u00edm obchodn\u00edm t\u00fdmem! Zobrazit kontakty<\/p>\n","protected":false},"author":2,"featured_media":7543,"parent":0,"menu_order":0,"comment_status":"closed","ping_status":"closed","template":"elementor_header_footer","meta":{"_acf_changed":false,"iawp_total_views":103,"footnotes":""},"folder":[],"class_list":["post-13947","page","type-page","status-publish","has-post-thumbnail","hentry"],"acf":[],"yoast_head":"<!-- This site is optimized with the Yoast SEO plugin v27.4 - https:\/\/yoast.com\/product\/yoast-seo-wordpress\/ -->\n<title>HSE, spol. s r.o. - VOP<\/title>\n<meta name=\"robots\" content=\"index, follow, max-snippet:-1, max-image-preview:large, max-video-preview:-1\" \/>\n<link rel=\"canonical\" href=\"https:\/\/www.hse.cz\/index.php\/vop\/\" \/>\n<meta property=\"og:locale\" content=\"cs_CZ\" \/>\n<meta property=\"og:type\" content=\"article\" \/>\n<meta property=\"og:title\" content=\"HSE, spol. s r.o. - VOP\" \/>\n<meta property=\"og:description\" content=\"VOP V\u0161eobecn\u00e9 obchodn\u00ed podm\u00ednky spole\u010dnosti HSE, spol.s.r.o. Chcete radu ohledn\u011b mont\u00e1\u017ee na\u0161ich v\u00fdrobk\u016f?Spojte se s na\u0161\u00edm obchodn\u00edm t\u00fdmem! Zobrazit kontakty\" \/>\n<meta property=\"og:url\" content=\"https:\/\/www.hse.cz\/index.php\/vop\/\" \/>\n<meta property=\"og:site_name\" content=\"HSE, spol. s r.o.\" \/>\n<meta property=\"article:publisher\" content=\"https:\/\/www.facebook.com\/HSEcz\/?locale=cs_CZ\" \/>\n<meta property=\"article:modified_time\" content=\"2025-10-15T12:55:33+00:00\" \/>\n<meta property=\"og:image\" content=\"https:\/\/www.hse.cz\/wp-content\/uploads\/2021\/05\/logo-hse.png\" \/>\n\t<meta property=\"og:image:width\" content=\"1000\" \/>\n\t<meta property=\"og:image:height\" content=\"1000\" \/>\n\t<meta property=\"og:image:type\" content=\"image\/png\" \/>\n<meta name=\"twitter:card\" content=\"summary_large_image\" \/>\n<meta name=\"twitter:label1\" content=\"Odhadovan\u00e1 doba \u010dten\u00ed\" \/>\n\t<meta name=\"twitter:data1\" content=\"1 minuta\" \/>\n<script type=\"application\/ld+json\" class=\"yoast-schema-graph\">{\"@context\":\"https:\\\/\\\/schema.org\",\"@graph\":[{\"@type\":\"WebPage\",\"@id\":\"https:\\\/\\\/www.hse.cz\\\/index.php\\\/vop\\\/\",\"url\":\"https:\\\/\\\/www.hse.cz\\\/index.php\\\/vop\\\/\",\"name\":\"HSE, spol. s r.o. - VOP\",\"isPartOf\":{\"@id\":\"https:\\\/\\\/www.hse.cz\\\/#website\"},\"primaryImageOfPage\":{\"@id\":\"https:\\\/\\\/www.hse.cz\\\/index.php\\\/vop\\\/#primaryimage\"},\"image\":{\"@id\":\"https:\\\/\\\/www.hse.cz\\\/index.php\\\/vop\\\/#primaryimage\"},\"thumbnailUrl\":\"https:\\\/\\\/www.hse.cz\\\/wp-content\\\/uploads\\\/2021\\\/05\\\/logo-hse.png\",\"datePublished\":\"2025-10-15T12:51:45+00:00\",\"dateModified\":\"2025-10-15T12:55:33+00:00\",\"breadcrumb\":{\"@id\":\"https:\\\/\\\/www.hse.cz\\\/index.php\\\/vop\\\/#breadcrumb\"},\"inLanguage\":\"cs\",\"potentialAction\":[{\"@type\":\"ReadAction\",\"target\":[\"https:\\\/\\\/www.hse.cz\\\/index.php\\\/vop\\\/\"]}]},{\"@type\":\"ImageObject\",\"inLanguage\":\"cs\",\"@id\":\"https:\\\/\\\/www.hse.cz\\\/index.php\\\/vop\\\/#primaryimage\",\"url\":\"https:\\\/\\\/www.hse.cz\\\/wp-content\\\/uploads\\\/2021\\\/05\\\/logo-hse.png\",\"contentUrl\":\"https:\\\/\\\/www.hse.cz\\\/wp-content\\\/uploads\\\/2021\\\/05\\\/logo-hse.png\",\"width\":1000,\"height\":1000},{\"@type\":\"BreadcrumbList\",\"@id\":\"https:\\\/\\\/www.hse.cz\\\/index.php\\\/vop\\\/#breadcrumb\",\"itemListElement\":[{\"@type\":\"ListItem\",\"position\":1,\"name\":\"Home\",\"item\":\"https:\\\/\\\/www.hse.cz\\\/\"},{\"@type\":\"ListItem\",\"position\":2,\"name\":\"VOP\"}]},{\"@type\":\"WebSite\",\"@id\":\"https:\\\/\\\/www.hse.cz\\\/#website\",\"url\":\"https:\\\/\\\/www.hse.cz\\\/\",\"name\":\"HSE, spol. s r.o.\",\"description\":\"Ocelov\u00e9 dve\u0159e, z\u00e1rubn\u011b a po\u017e\u00e1rn\u00ed uz\u00e1v\u011bry na m\u00edru\",\"publisher\":{\"@id\":\"https:\\\/\\\/www.hse.cz\\\/#organization\"},\"alternateName\":\"Humpoleck\u00e9 stavebn\u00ed elementy\",\"potentialAction\":[{\"@type\":\"SearchAction\",\"target\":{\"@type\":\"EntryPoint\",\"urlTemplate\":\"https:\\\/\\\/www.hse.cz\\\/?s={search_term_string}\"},\"query-input\":{\"@type\":\"PropertyValueSpecification\",\"valueRequired\":true,\"valueName\":\"search_term_string\"}}],\"inLanguage\":\"cs\"},{\"@type\":\"Organization\",\"@id\":\"https:\\\/\\\/www.hse.cz\\\/#organization\",\"name\":\"HSE, spol. s r.o.\",\"alternateName\":\"Humpoleck\u00e9 stavebn\u00ed elementy\",\"url\":\"https:\\\/\\\/www.hse.cz\\\/\",\"logo\":{\"@type\":\"ImageObject\",\"inLanguage\":\"cs\",\"@id\":\"https:\\\/\\\/www.hse.cz\\\/#\\\/schema\\\/logo\\\/image\\\/\",\"url\":\"https:\\\/\\\/www.hse.cz\\\/wp-content\\\/uploads\\\/2019\\\/11\\\/hse_web_logo_2020.svg\",\"contentUrl\":\"https:\\\/\\\/www.hse.cz\\\/wp-content\\\/uploads\\\/2019\\\/11\\\/hse_web_logo_2020.svg\",\"caption\":\"HSE, spol. s r.o.\"},\"image\":{\"@id\":\"https:\\\/\\\/www.hse.cz\\\/#\\\/schema\\\/logo\\\/image\\\/\"},\"sameAs\":[\"https:\\\/\\\/www.facebook.com\\\/HSEcz\\\/?locale=cs_CZ\"]}]}<\/script>\n<!-- \/ Yoast SEO plugin. -->","yoast_head_json":{"title":"HSE, spol. s r.o. - VOP","robots":{"index":"index","follow":"follow","max-snippet":"max-snippet:-1","max-image-preview":"max-image-preview:large","max-video-preview":"max-video-preview:-1"},"canonical":"https:\/\/www.hse.cz\/index.php\/vop\/","og_locale":"cs_CZ","og_type":"article","og_title":"HSE, spol. s r.o. - VOP","og_description":"VOP V\u0161eobecn\u00e9 obchodn\u00ed podm\u00ednky spole\u010dnosti HSE, spol.s.r.o. Chcete radu ohledn\u011b mont\u00e1\u017ee na\u0161ich v\u00fdrobk\u016f?Spojte se s na\u0161\u00edm obchodn\u00edm t\u00fdmem! Zobrazit kontakty","og_url":"https:\/\/www.hse.cz\/index.php\/vop\/","og_site_name":"HSE, spol. s r.o.","article_publisher":"https:\/\/www.facebook.com\/HSEcz\/?locale=cs_CZ","article_modified_time":"2025-10-15T12:55:33+00:00","og_image":[{"width":1000,"height":1000,"url":"https:\/\/www.hse.cz\/wp-content\/uploads\/2021\/05\/logo-hse.png","type":"image\/png"}],"twitter_card":"summary_large_image","twitter_misc":{"Odhadovan\u00e1 doba \u010dten\u00ed":"1 minuta"},"schema":{"@context":"https:\/\/schema.org","@graph":[{"@type":"WebPage","@id":"https:\/\/www.hse.cz\/index.php\/vop\/","url":"https:\/\/www.hse.cz\/index.php\/vop\/","name":"HSE, spol. s r.o. - VOP","isPartOf":{"@id":"https:\/\/www.hse.cz\/#website"},"primaryImageOfPage":{"@id":"https:\/\/www.hse.cz\/index.php\/vop\/#primaryimage"},"image":{"@id":"https:\/\/www.hse.cz\/index.php\/vop\/#primaryimage"},"thumbnailUrl":"https:\/\/www.hse.cz\/wp-content\/uploads\/2021\/05\/logo-hse.png","datePublished":"2025-10-15T12:51:45+00:00","dateModified":"2025-10-15T12:55:33+00:00","breadcrumb":{"@id":"https:\/\/www.hse.cz\/index.php\/vop\/#breadcrumb"},"inLanguage":"cs","potentialAction":[{"@type":"ReadAction","target":["https:\/\/www.hse.cz\/index.php\/vop\/"]}]},{"@type":"ImageObject","inLanguage":"cs","@id":"https:\/\/www.hse.cz\/index.php\/vop\/#primaryimage","url":"https:\/\/www.hse.cz\/wp-content\/uploads\/2021\/05\/logo-hse.png","contentUrl":"https:\/\/www.hse.cz\/wp-content\/uploads\/2021\/05\/logo-hse.png","width":1000,"height":1000},{"@type":"BreadcrumbList","@id":"https:\/\/www.hse.cz\/index.php\/vop\/#breadcrumb","itemListElement":[{"@type":"ListItem","position":1,"name":"Home","item":"https:\/\/www.hse.cz\/"},{"@type":"ListItem","position":2,"name":"VOP"}]},{"@type":"WebSite","@id":"https:\/\/www.hse.cz\/#website","url":"https:\/\/www.hse.cz\/","name":"HSE, spol. s r.o.","description":"Ocelov\u00e9 dve\u0159e, z\u00e1rubn\u011b a po\u017e\u00e1rn\u00ed uz\u00e1v\u011bry na m\u00edru","publisher":{"@id":"https:\/\/www.hse.cz\/#organization"},"alternateName":"Humpoleck\u00e9 stavebn\u00ed elementy","potentialAction":[{"@type":"SearchAction","target":{"@type":"EntryPoint","urlTemplate":"https:\/\/www.hse.cz\/?s={search_term_string}"},"query-input":{"@type":"PropertyValueSpecification","valueRequired":true,"valueName":"search_term_string"}}],"inLanguage":"cs"},{"@type":"Organization","@id":"https:\/\/www.hse.cz\/#organization","name":"HSE, spol. s r.o.","alternateName":"Humpoleck\u00e9 stavebn\u00ed elementy","url":"https:\/\/www.hse.cz\/","logo":{"@type":"ImageObject","inLanguage":"cs","@id":"https:\/\/www.hse.cz\/#\/schema\/logo\/image\/","url":"https:\/\/www.hse.cz\/wp-content\/uploads\/2019\/11\/hse_web_logo_2020.svg","contentUrl":"https:\/\/www.hse.cz\/wp-content\/uploads\/2019\/11\/hse_web_logo_2020.svg","caption":"HSE, spol. s r.o."},"image":{"@id":"https:\/\/www.hse.cz\/#\/schema\/logo\/image\/"},"sameAs":["https:\/\/www.facebook.com\/HSEcz\/?locale=cs_CZ"]}]}},"_links":{"self":[{"href":"https:\/\/www.hse.cz\/index.php\/wp-json\/wp\/v2\/pages\/13947","targetHints":{"allow":["GET"]}}],"collection":[{"href":"https:\/\/www.hse.cz\/index.php\/wp-json\/wp\/v2\/pages"}],"about":[{"href":"https:\/\/www.hse.cz\/index.php\/wp-json\/wp\/v2\/types\/page"}],"author":[{"embeddable":true,"href":"https:\/\/www.hse.cz\/index.php\/wp-json\/wp\/v2\/users\/2"}],"replies":[{"embeddable":true,"href":"https:\/\/www.hse.cz\/index.php\/wp-json\/wp\/v2\/comments?post=13947"}],"version-history":[{"count":4,"href":"https:\/\/www.hse.cz\/index.php\/wp-json\/wp\/v2\/pages\/13947\/revisions"}],"predecessor-version":[{"id":13953,"href":"https:\/\/www.hse.cz\/index.php\/wp-json\/wp\/v2\/pages\/13947\/revisions\/13953"}],"wp:featuredmedia":[{"embeddable":true,"href":"https:\/\/www.hse.cz\/index.php\/wp-json\/wp\/v2\/media\/7543"}],"wp:attachment":[{"href":"https:\/\/www.hse.cz\/index.php\/wp-json\/wp\/v2\/media?parent=13947"}],"wp:term":[{"taxonomy":"folder","embeddable":true,"href":"https:\/\/www.hse.cz\/index.php\/wp-json\/wp\/v2\/folder?post=13947"}],"curies":[{"name":"wp","href":"https:\/\/api.w.org\/{rel}","templated":true}]}}