{"id":14472,"date":"2026-04-22T13:11:43","date_gmt":"2026-04-22T11:11:43","guid":{"rendered":"https:\/\/www.hse.cz\/?page_id=14472"},"modified":"2026-05-06T09:27:10","modified_gmt":"2026-05-06T07:27:10","slug":"hse-predstaveni-spolecnosti","status":"publish","type":"page","link":"https:\/\/www.hse.cz\/index.php\/hse-predstaveni-spolecnosti\/","title":{"rendered":"P\u0159edstaven\u00ed na\u0161\u00ed spole\u010dnosti a jej\u00edho z\u00e1zem\u00ed"},"content":{"rendered":"\t\t<div data-elementor-type=\"wp-page\" data-elementor-id=\"14472\" class=\"elementor elementor-14472\" data-elementor-post-type=\"page\">\n\t\t\t\t\t\t<section class=\"elementor-section elementor-top-section elementor-element elementor-element-4f2aa19 elementor-section-boxed elementor-section-height-default elementor-section-height-default\" data-id=\"4f2aa19\" data-element_type=\"section\" data-e-type=\"section\">\n\t\t\t\t\t\t<div class=\"elementor-container elementor-column-gap-default\">\n\t\t\t\t\t<div class=\"elementor-column elementor-col-100 elementor-top-column elementor-element elementor-element-304f596\" data-id=\"304f596\" data-element_type=\"column\" data-e-type=\"column\">\n\t\t\t<div class=\"elementor-widget-wrap elementor-element-populated\">\n\t\t\t\t\t\t<section class=\"elementor-section elementor-inner-section elementor-element elementor-element-b659843 elementor-section-full_width elementor-section-height-default elementor-section-height-default\" data-id=\"b659843\" data-element_type=\"section\" data-e-type=\"section\">\n\t\t\t\t\t\t<div class=\"elementor-container elementor-column-gap-default\">\n\t\t\t\t\t<div class=\"elementor-column elementor-col-100 elementor-inner-column elementor-element elementor-element-9b90afe\" data-id=\"9b90afe\" data-element_type=\"column\" data-e-type=\"column\">\n\t\t\t<div class=\"elementor-widget-wrap elementor-element-populated\">\n\t\t\t\t\t\t<div class=\"elementor-element elementor-element-cbf807d elementor-widget elementor-widget-heading\" data-id=\"cbf807d\" data-element_type=\"widget\" data-e-type=\"widget\" data-widget_type=\"heading.default\">\n\t\t\t\t<div class=\"elementor-widget-container\">\n\t\t\t\t\t<h1 class=\"elementor-heading-title elementor-size-default\">Ze z\u00e1kulis\u00ed HSE<\/h1>\t\t\t\t<\/div>\n\t\t\t\t<\/div>\n\t\t\t\t<div class=\"elementor-element elementor-element-4fdb451 elementor-widget elementor-widget-heading\" data-id=\"4fdb451\" data-element_type=\"widget\" data-e-type=\"widget\" data-widget_type=\"heading.default\">\n\t\t\t\t<div class=\"elementor-widget-container\">\n\t\t\t\t\t<h2 class=\"elementor-heading-title elementor-size-default\">P\u0159edstaven\u00ed na\u0161\u00ed spole\u010dnosti a jej\u00edho z\u00e1zem\u00ed<\/h2>\t\t\t\t<\/div>\n\t\t\t\t<\/div>\n\t\t\t\t<div class=\"elementor-element elementor-element-2a7360b elementor-widget-divider--view-line elementor-widget elementor-widget-divider\" data-id=\"2a7360b\" data-element_type=\"widget\" data-e-type=\"widget\" data-widget_type=\"divider.default\">\n\t\t\t\t<div class=\"elementor-widget-container\">\n\t\t\t\t\t\t\t<div class=\"elementor-divider\">\n\t\t\t<span class=\"elementor-divider-separator\">\n\t\t\t\t\t\t<\/span>\n\t\t<\/div>\n\t\t\t\t\t\t<\/div>\n\t\t\t\t<\/div>\n\t\t\t\t<div class=\"elementor-element elementor-element-ab45ebb elementor-widget elementor-widget-text-editor\" data-id=\"ab45ebb\" data-element_type=\"widget\" data-e-type=\"widget\" data-widget_type=\"text-editor.default\">\n\t\t\t\t<div class=\"elementor-widget-container\">\n\t\t\t\t\t\t\t\t\t<p>Pod\u00edvejte se, jak vznikaj\u00ed kvalitn\u00ed \u010desk\u00e9 interi\u00e9rov\u00e9 ocelov\u00e9 dve\u0159e, z\u00e1rubn\u011b a protipo\u017e\u00e1rn\u00ed uz\u00e1v\u011bry. Navazujeme na tradici poctiv\u00e9 kovov\u00fdroby a op\u00edr\u00e1me se o zku\u0161enosti lid\u00ed, kte\u0159\u00ed jsou mistry ve sv\u00e9m oboru. Ka\u017ed\u00fd detail u n\u00e1s vznik\u00e1 s d\u016frazem na kvalitu, funk\u010dnost a dlouhou \u017eivotnost.<\/p>\t\t\t\t\t\t\t\t<\/div>\n\t\t\t\t<\/div>\n\t\t\t\t\t<\/div>\n\t\t<\/div>\n\t\t\t\t\t<\/div>\n\t\t<\/section>\n\t\t\t\t\t<\/div>\n\t\t<\/div>\n\t\t\t\t\t<\/div>\n\t\t<\/section>\n\t\t\t\t<section class=\"elementor-section elementor-top-section elementor-element elementor-element-7df7323 elementor-section-boxed elementor-section-height-default elementor-section-height-default\" data-id=\"7df7323\" data-element_type=\"section\" data-e-type=\"section\">\n\t\t\t\t\t\t<div class=\"elementor-container elementor-column-gap-default\">\n\t\t\t\t\t<div class=\"elementor-column elementor-col-100 elementor-top-column elementor-element elementor-element-3cc2ac2\" data-id=\"3cc2ac2\" data-element_type=\"column\" data-e-type=\"column\">\n\t\t\t<div class=\"elementor-widget-wrap elementor-element-populated\">\n\t\t\t\t\t\t<div class=\"elementor-element elementor-element-bdc591c elementor-widget elementor-widget-video\" data-id=\"bdc591c\" data-element_type=\"widget\" data-e-type=\"widget\" data-settings=\"{&quot;youtube_url&quot;:&quot;https:\\\/\\\/youtu.be\\\/oT8Qy_P4JRk&quot;,&quot;loop&quot;:&quot;yes&quot;,&quot;video_type&quot;:&quot;youtube&quot;,&quot;controls&quot;:&quot;yes&quot;}\" data-widget_type=\"video.default\">\n\t\t\t\t<div class=\"elementor-widget-container\">\n\t\t\t\t\t\t\t<div class=\"elementor-wrapper elementor-open-inline\">\n\t\t\t<div class=\"elementor-video\"><\/div>\t\t<\/div>\n\t\t\t\t\t\t<\/div>\n\t\t\t\t<\/div>\n\t\t\t\t\t<\/div>\n\t\t<\/div>\n\t\t\t\t\t<\/div>\n\t\t<\/section>\n\t\t\t\t<\/div>\n\t\t","protected":false},"excerpt":{"rendered":"<p>Ze z\u00e1kulis\u00ed HSE P\u0159edstaven\u00ed na\u0161\u00ed spole\u010dnosti a jej\u00edho z\u00e1zem\u00ed Pod\u00edvejte se, jak vznikaj\u00ed kvalitn\u00ed \u010desk\u00e9 interi\u00e9rov\u00e9 ocelov\u00e9 dve\u0159e, z\u00e1rubn\u011b a protipo\u017e\u00e1rn\u00ed uz\u00e1v\u011bry. Navazujeme na tradici poctiv\u00e9 kovov\u00fdroby a op\u00edr\u00e1me se o zku\u0161enosti lid\u00ed, kte\u0159\u00ed jsou mistry ve sv\u00e9m oboru. Ka\u017ed\u00fd detail u n\u00e1s vznik\u00e1 s d\u016frazem na kvalitu, funk\u010dnost a dlouhou \u017eivotnost. https:\/\/youtu.be\/oT8Qy_P4JRk<\/p>\n","protected":false},"author":2,"featured_media":7543,"parent":0,"menu_order":0,"comment_status":"closed","ping_status":"closed","template":"elementor_header_footer","meta":{"_acf_changed":false,"iawp_total_views":60,"footnotes":""},"folder":[],"class_list":["post-14472","page","type-page","status-publish","has-post-thumbnail","hentry"],"acf":[],"yoast_head":"<!-- This site is optimized with the Yoast SEO plugin v27.5 - https:\/\/yoast.com\/product\/yoast-seo-wordpress\/ -->\n<title>P\u0159edstaven\u00ed na\u0161\u00ed spole\u010dnosti a jej\u00edho z\u00e1zem\u00ed - odolnost, p\u0159esnost, spolehlivost - HSE, spol. s r.o.<\/title>\n<meta name=\"description\" content=\"Jsme \u010desk\u00fdm l\u00eddrem v oblasti ocelov\u00fdch z\u00e1rubn\u00ed pr\u00e9miov\u00e9 kvality, a p\u0159itom se m\u016f\u017eete spolehnou na velmi p\u0159\u00edznivou cenu. V\u00fdroba na m\u00edru.\" \/>\n<meta name=\"robots\" content=\"index, follow, max-snippet:-1, max-image-preview:large, max-video-preview:-1\" \/>\n<link rel=\"canonical\" href=\"https:\/\/www.hse.cz\/index.php\/hse-predstaveni-spolecnosti\/\" \/>\n<meta property=\"og:locale\" content=\"cs_CZ\" \/>\n<meta property=\"og:type\" content=\"article\" \/>\n<meta property=\"og:title\" content=\"P\u0159edstaven\u00ed na\u0161\u00ed spole\u010dnosti a jej\u00edho z\u00e1zem\u00ed - odolnost, p\u0159esnost, spolehlivost - HSE, spol. s r.o.\" \/>\n<meta property=\"og:description\" content=\"Jsme \u010desk\u00fdm l\u00eddrem v oblasti ocelov\u00fdch z\u00e1rubn\u00ed pr\u00e9miov\u00e9 kvality, a p\u0159itom se m\u016f\u017eete spolehnou na velmi p\u0159\u00edznivou cenu. V\u00fdroba na m\u00edru.\" \/>\n<meta property=\"og:url\" content=\"https:\/\/www.hse.cz\/index.php\/hse-predstaveni-spolecnosti\/\" \/>\n<meta property=\"og:site_name\" content=\"HSE, spol. s r.o.\" \/>\n<meta property=\"article:publisher\" content=\"https:\/\/www.facebook.com\/HSEcz\/?locale=cs_CZ\" \/>\n<meta property=\"article:modified_time\" content=\"2026-05-06T07:27:10+00:00\" \/>\n<meta property=\"og:image\" content=\"https:\/\/www.hse.cz\/wp-content\/uploads\/2021\/05\/logo-hse.png\" \/>\n\t<meta property=\"og:image:width\" content=\"1000\" \/>\n\t<meta property=\"og:image:height\" content=\"1000\" \/>\n\t<meta property=\"og:image:type\" content=\"image\/png\" \/>\n<meta name=\"twitter:card\" content=\"summary_large_image\" \/>\n<meta name=\"twitter:label1\" content=\"Odhadovan\u00e1 doba \u010dten\u00ed\" \/>\n\t<meta name=\"twitter:data1\" content=\"16 minut\" \/>\n<script type=\"application\/ld+json\" class=\"yoast-schema-graph\">{\"@context\":\"https:\\\/\\\/schema.org\",\"@graph\":[{\"@type\":\"WebPage\",\"@id\":\"https:\\\/\\\/www.hse.cz\\\/index.php\\\/hse-predstaveni-spolecnosti\\\/\",\"url\":\"https:\\\/\\\/www.hse.cz\\\/index.php\\\/hse-predstaveni-spolecnosti\\\/\",\"name\":\"P\u0159edstaven\u00ed na\u0161\u00ed spole\u010dnosti a jej\u00edho z\u00e1zem\u00ed - odolnost, p\u0159esnost, spolehlivost - HSE, spol. s r.o.\",\"isPartOf\":{\"@id\":\"https:\\\/\\\/www.hse.cz\\\/#website\"},\"primaryImageOfPage\":{\"@id\":\"https:\\\/\\\/www.hse.cz\\\/index.php\\\/hse-predstaveni-spolecnosti\\\/#primaryimage\"},\"image\":{\"@id\":\"https:\\\/\\\/www.hse.cz\\\/index.php\\\/hse-predstaveni-spolecnosti\\\/#primaryimage\"},\"thumbnailUrl\":\"https:\\\/\\\/www.hse.cz\\\/wp-content\\\/uploads\\\/2021\\\/05\\\/logo-hse.png\",\"datePublished\":\"2026-04-22T11:11:43+00:00\",\"dateModified\":\"2026-05-06T07:27:10+00:00\",\"description\":\"Jsme \u010desk\u00fdm l\u00eddrem v oblasti ocelov\u00fdch z\u00e1rubn\u00ed pr\u00e9miov\u00e9 kvality, a p\u0159itom se m\u016f\u017eete spolehnou na velmi p\u0159\u00edznivou cenu. V\u00fdroba na m\u00edru.\",\"breadcrumb\":{\"@id\":\"https:\\\/\\\/www.hse.cz\\\/index.php\\\/hse-predstaveni-spolecnosti\\\/#breadcrumb\"},\"inLanguage\":\"cs\",\"potentialAction\":[{\"@type\":\"ReadAction\",\"target\":[\"https:\\\/\\\/www.hse.cz\\\/index.php\\\/hse-predstaveni-spolecnosti\\\/\"]}]},{\"@type\":\"ImageObject\",\"inLanguage\":\"cs\",\"@id\":\"https:\\\/\\\/www.hse.cz\\\/index.php\\\/hse-predstaveni-spolecnosti\\\/#primaryimage\",\"url\":\"https:\\\/\\\/www.hse.cz\\\/wp-content\\\/uploads\\\/2021\\\/05\\\/logo-hse.png\",\"contentUrl\":\"https:\\\/\\\/www.hse.cz\\\/wp-content\\\/uploads\\\/2021\\\/05\\\/logo-hse.png\",\"width\":1000,\"height\":1000},{\"@type\":\"BreadcrumbList\",\"@id\":\"https:\\\/\\\/www.hse.cz\\\/index.php\\\/hse-predstaveni-spolecnosti\\\/#breadcrumb\",\"itemListElement\":[{\"@type\":\"ListItem\",\"position\":1,\"name\":\"Home\",\"item\":\"https:\\\/\\\/www.hse.cz\\\/\"},{\"@type\":\"ListItem\",\"position\":2,\"name\":\"P\u0159edstaven\u00ed na\u0161\u00ed spole\u010dnosti a jej\u00edho z\u00e1zem\u00ed\"}]},{\"@type\":\"WebSite\",\"@id\":\"https:\\\/\\\/www.hse.cz\\\/#website\",\"url\":\"https:\\\/\\\/www.hse.cz\\\/\",\"name\":\"HSE, spol. s r.o.\",\"description\":\"Ocelov\u00e9 dve\u0159e, z\u00e1rubn\u011b a po\u017e\u00e1rn\u00ed uz\u00e1v\u011bry na m\u00edru\",\"publisher\":{\"@id\":\"https:\\\/\\\/www.hse.cz\\\/#organization\"},\"alternateName\":\"Humpoleck\u00e9 stavebn\u00ed elementy\",\"potentialAction\":[{\"@type\":\"SearchAction\",\"target\":{\"@type\":\"EntryPoint\",\"urlTemplate\":\"https:\\\/\\\/www.hse.cz\\\/?s={search_term_string}\"},\"query-input\":{\"@type\":\"PropertyValueSpecification\",\"valueRequired\":true,\"valueName\":\"search_term_string\"}}],\"inLanguage\":\"cs\"},{\"@type\":\"Organization\",\"@id\":\"https:\\\/\\\/www.hse.cz\\\/#organization\",\"name\":\"HSE, spol. s r.o.\",\"alternateName\":\"Humpoleck\u00e9 stavebn\u00ed elementy\",\"url\":\"https:\\\/\\\/www.hse.cz\\\/\",\"logo\":{\"@type\":\"ImageObject\",\"inLanguage\":\"cs\",\"@id\":\"https:\\\/\\\/www.hse.cz\\\/#\\\/schema\\\/logo\\\/image\\\/\",\"url\":\"https:\\\/\\\/www.hse.cz\\\/wp-content\\\/uploads\\\/2019\\\/11\\\/hse_web_logo_2020.svg\",\"contentUrl\":\"https:\\\/\\\/www.hse.cz\\\/wp-content\\\/uploads\\\/2019\\\/11\\\/hse_web_logo_2020.svg\",\"caption\":\"HSE, spol. s r.o.\"},\"image\":{\"@id\":\"https:\\\/\\\/www.hse.cz\\\/#\\\/schema\\\/logo\\\/image\\\/\"},\"sameAs\":[\"https:\\\/\\\/www.facebook.com\\\/HSEcz\\\/?locale=cs_CZ\"]}]}<\/script>\n<!-- \/ Yoast SEO plugin. -->","yoast_head_json":{"title":"P\u0159edstaven\u00ed na\u0161\u00ed spole\u010dnosti a jej\u00edho z\u00e1zem\u00ed - odolnost, p\u0159esnost, spolehlivost - HSE, spol. s r.o.","description":"Jsme \u010desk\u00fdm l\u00eddrem v oblasti ocelov\u00fdch z\u00e1rubn\u00ed pr\u00e9miov\u00e9 kvality, a p\u0159itom se m\u016f\u017eete spolehnou na velmi p\u0159\u00edznivou cenu. V\u00fdroba na m\u00edru.","robots":{"index":"index","follow":"follow","max-snippet":"max-snippet:-1","max-image-preview":"max-image-preview:large","max-video-preview":"max-video-preview:-1"},"canonical":"https:\/\/www.hse.cz\/index.php\/hse-predstaveni-spolecnosti\/","og_locale":"cs_CZ","og_type":"article","og_title":"P\u0159edstaven\u00ed na\u0161\u00ed spole\u010dnosti a jej\u00edho z\u00e1zem\u00ed - odolnost, p\u0159esnost, spolehlivost - HSE, spol. s r.o.","og_description":"Jsme \u010desk\u00fdm l\u00eddrem v oblasti ocelov\u00fdch z\u00e1rubn\u00ed pr\u00e9miov\u00e9 kvality, a p\u0159itom se m\u016f\u017eete spolehnou na velmi p\u0159\u00edznivou cenu. V\u00fdroba na m\u00edru.","og_url":"https:\/\/www.hse.cz\/index.php\/hse-predstaveni-spolecnosti\/","og_site_name":"HSE, spol. s r.o.","article_publisher":"https:\/\/www.facebook.com\/HSEcz\/?locale=cs_CZ","article_modified_time":"2026-05-06T07:27:10+00:00","og_image":[{"width":1000,"height":1000,"url":"https:\/\/www.hse.cz\/wp-content\/uploads\/2021\/05\/logo-hse.png","type":"image\/png"}],"twitter_card":"summary_large_image","twitter_misc":{"Odhadovan\u00e1 doba \u010dten\u00ed":"16 minut"},"schema":{"@context":"https:\/\/schema.org","@graph":[{"@type":"WebPage","@id":"https:\/\/www.hse.cz\/index.php\/hse-predstaveni-spolecnosti\/","url":"https:\/\/www.hse.cz\/index.php\/hse-predstaveni-spolecnosti\/","name":"P\u0159edstaven\u00ed na\u0161\u00ed spole\u010dnosti a jej\u00edho z\u00e1zem\u00ed - odolnost, p\u0159esnost, spolehlivost - HSE, spol. s r.o.","isPartOf":{"@id":"https:\/\/www.hse.cz\/#website"},"primaryImageOfPage":{"@id":"https:\/\/www.hse.cz\/index.php\/hse-predstaveni-spolecnosti\/#primaryimage"},"image":{"@id":"https:\/\/www.hse.cz\/index.php\/hse-predstaveni-spolecnosti\/#primaryimage"},"thumbnailUrl":"https:\/\/www.hse.cz\/wp-content\/uploads\/2021\/05\/logo-hse.png","datePublished":"2026-04-22T11:11:43+00:00","dateModified":"2026-05-06T07:27:10+00:00","description":"Jsme \u010desk\u00fdm l\u00eddrem v oblasti ocelov\u00fdch z\u00e1rubn\u00ed pr\u00e9miov\u00e9 kvality, a p\u0159itom se m\u016f\u017eete spolehnou na velmi p\u0159\u00edznivou cenu. V\u00fdroba na m\u00edru.","breadcrumb":{"@id":"https:\/\/www.hse.cz\/index.php\/hse-predstaveni-spolecnosti\/#breadcrumb"},"inLanguage":"cs","potentialAction":[{"@type":"ReadAction","target":["https:\/\/www.hse.cz\/index.php\/hse-predstaveni-spolecnosti\/"]}]},{"@type":"ImageObject","inLanguage":"cs","@id":"https:\/\/www.hse.cz\/index.php\/hse-predstaveni-spolecnosti\/#primaryimage","url":"https:\/\/www.hse.cz\/wp-content\/uploads\/2021\/05\/logo-hse.png","contentUrl":"https:\/\/www.hse.cz\/wp-content\/uploads\/2021\/05\/logo-hse.png","width":1000,"height":1000},{"@type":"BreadcrumbList","@id":"https:\/\/www.hse.cz\/index.php\/hse-predstaveni-spolecnosti\/#breadcrumb","itemListElement":[{"@type":"ListItem","position":1,"name":"Home","item":"https:\/\/www.hse.cz\/"},{"@type":"ListItem","position":2,"name":"P\u0159edstaven\u00ed na\u0161\u00ed spole\u010dnosti a jej\u00edho z\u00e1zem\u00ed"}]},{"@type":"WebSite","@id":"https:\/\/www.hse.cz\/#website","url":"https:\/\/www.hse.cz\/","name":"HSE, spol. s r.o.","description":"Ocelov\u00e9 dve\u0159e, z\u00e1rubn\u011b a po\u017e\u00e1rn\u00ed uz\u00e1v\u011bry na m\u00edru","publisher":{"@id":"https:\/\/www.hse.cz\/#organization"},"alternateName":"Humpoleck\u00e9 stavebn\u00ed elementy","potentialAction":[{"@type":"SearchAction","target":{"@type":"EntryPoint","urlTemplate":"https:\/\/www.hse.cz\/?s={search_term_string}"},"query-input":{"@type":"PropertyValueSpecification","valueRequired":true,"valueName":"search_term_string"}}],"inLanguage":"cs"},{"@type":"Organization","@id":"https:\/\/www.hse.cz\/#organization","name":"HSE, spol. s r.o.","alternateName":"Humpoleck\u00e9 stavebn\u00ed elementy","url":"https:\/\/www.hse.cz\/","logo":{"@type":"ImageObject","inLanguage":"cs","@id":"https:\/\/www.hse.cz\/#\/schema\/logo\/image\/","url":"https:\/\/www.hse.cz\/wp-content\/uploads\/2019\/11\/hse_web_logo_2020.svg","contentUrl":"https:\/\/www.hse.cz\/wp-content\/uploads\/2019\/11\/hse_web_logo_2020.svg","caption":"HSE, spol. s r.o."},"image":{"@id":"https:\/\/www.hse.cz\/#\/schema\/logo\/image\/"},"sameAs":["https:\/\/www.facebook.com\/HSEcz\/?locale=cs_CZ"]}]}},"_links":{"self":[{"href":"https:\/\/www.hse.cz\/index.php\/wp-json\/wp\/v2\/pages\/14472","targetHints":{"allow":["GET"]}}],"collection":[{"href":"https:\/\/www.hse.cz\/index.php\/wp-json\/wp\/v2\/pages"}],"about":[{"href":"https:\/\/www.hse.cz\/index.php\/wp-json\/wp\/v2\/types\/page"}],"author":[{"embeddable":true,"href":"https:\/\/www.hse.cz\/index.php\/wp-json\/wp\/v2\/users\/2"}],"replies":[{"embeddable":true,"href":"https:\/\/www.hse.cz\/index.php\/wp-json\/wp\/v2\/comments?post=14472"}],"version-history":[{"count":55,"href":"https:\/\/www.hse.cz\/index.php\/wp-json\/wp\/v2\/pages\/14472\/revisions"}],"predecessor-version":[{"id":14541,"href":"https:\/\/www.hse.cz\/index.php\/wp-json\/wp\/v2\/pages\/14472\/revisions\/14541"}],"wp:featuredmedia":[{"embeddable":true,"href":"https:\/\/www.hse.cz\/index.php\/wp-json\/wp\/v2\/media\/7543"}],"wp:attachment":[{"href":"https:\/\/www.hse.cz\/index.php\/wp-json\/wp\/v2\/media?parent=14472"}],"wp:term":[{"taxonomy":"folder","embeddable":true,"href":"https:\/\/www.hse.cz\/index.php\/wp-json\/wp\/v2\/folder?post=14472"}],"curies":[{"name":"wp","href":"https:\/\/api.w.org\/{rel}","templated":true}]}}