{"id":6352,"date":"2021-04-08T09:23:24","date_gmt":"2021-04-08T07:23:24","guid":{"rendered":"https:\/\/www.hse.cz\/?page_id=6352"},"modified":"2022-03-30T09:24:28","modified_gmt":"2022-03-30T07:24:28","slug":"pouziti-cookies-hse","status":"publish","type":"page","link":"https:\/\/www.hse.cz\/index.php\/pouziti-cookies-hse\/","title":{"rendered":"Pou\u017eit\u00ed cookies"},"content":{"rendered":"\t\t<div data-elementor-type=\"wp-page\" data-elementor-id=\"6352\" class=\"elementor elementor-6352\" data-elementor-post-type=\"page\">\n\t\t\t\t\t\t<section class=\"elementor-section elementor-top-section elementor-element elementor-element-709607c elementor-section-boxed elementor-section-height-default elementor-section-height-default\" data-id=\"709607c\" data-element_type=\"section\" data-e-type=\"section\">\n\t\t\t\t\t\t<div class=\"elementor-container elementor-column-gap-default\">\n\t\t\t\t\t<div class=\"elementor-column elementor-col-100 elementor-top-column elementor-element elementor-element-7c5aaf8\" data-id=\"7c5aaf8\" data-element_type=\"column\" data-e-type=\"column\">\n\t\t\t<div class=\"elementor-widget-wrap elementor-element-populated\">\n\t\t\t\t\t\t<div class=\"elementor-element elementor-element-2a75496 elementor-widget elementor-widget-heading\" data-id=\"2a75496\" data-element_type=\"widget\" data-e-type=\"widget\" data-widget_type=\"heading.default\">\n\t\t\t\t<div class=\"elementor-widget-container\">\n\t\t\t\t\t<h1 class=\"elementor-heading-title elementor-size-large\">pou\u017eit\u00ed cookies\n<\/h1>\t\t\t\t<\/div>\n\t\t\t\t<\/div>\n\t\t\t\t<div class=\"elementor-element elementor-element-725e446 elementor-widget-divider--view-line elementor-widget elementor-widget-divider\" data-id=\"725e446\" data-element_type=\"widget\" data-e-type=\"widget\" data-widget_type=\"divider.default\">\n\t\t\t\t<div class=\"elementor-widget-container\">\n\t\t\t\t\t\t\t<div class=\"elementor-divider\">\n\t\t\t<span class=\"elementor-divider-separator\">\n\t\t\t\t\t\t<\/span>\n\t\t<\/div>\n\t\t\t\t\t\t<\/div>\n\t\t\t\t<\/div>\n\t\t\t\t<div class=\"elementor-element elementor-element-c1496c3 elementor-widget elementor-widget-text-editor\" data-id=\"c1496c3\" data-element_type=\"widget\" data-e-type=\"widget\" data-widget_type=\"text-editor.default\">\n\t\t\t\t<div class=\"elementor-widget-container\">\n\t\t\t\t\t\t\t\t\t<p style=\"text-align: left;\">Tyto str\u00e1nky pou\u017e\u00edvaj\u00ed cookies za \u00fa\u010delem spr\u00e1vn\u00e9ho fungov\u00e1n\u00ed str\u00e1nek, lep\u0161\u00edho komfortu jejich prohl\u00ed\u017een\u00ed a personalizace reklamn\u00edch sd\u011blen\u00ed. Cookies napom\u00e1haj\u00ed pamatovat si va\u0161e aktivity a preference po ur\u010ditou dobu, abyste je nemuseli znovu vkl\u00e1dat, kdy\u017e se na str\u00e1nky vrac\u00edte nebo p\u0159ech\u00e1z\u00edte ze str\u00e1nky na str\u00e1nku. Informace jsou vyu\u017e\u00edv\u00e1ny pro \u00fa\u010dely optimalizace poskytovan\u00fdch slu\u017eeb prost\u0159ednictv\u00edm t\u011bchto webov\u00fdch str\u00e1nek, v\u010detn\u011b podstr\u00e1nek a odkaz\u016f. Ka\u017ed\u00e1 webov\u00e1 str\u00e1nka m\u016f\u017ee do va\u0161eho prohl\u00ed\u017ee\u010de odes\u00edlat sv\u00e9 vlastn\u00ed soubory cookies, pokud to umo\u017e\u0148uje nastaven\u00ed va\u0161eho prohl\u00ed\u017ee\u010de.<\/p>\t\t\t\t\t\t\t\t<\/div>\n\t\t\t\t<\/div>\n\t\t\t\t<div class=\"elementor-element elementor-element-adfef4f elementor-widget elementor-widget-heading\" data-id=\"adfef4f\" data-element_type=\"widget\" data-e-type=\"widget\" data-widget_type=\"heading.default\">\n\t\t\t\t<div class=\"elementor-widget-container\">\n\t\t\t\t\t<h2 class=\"elementor-heading-title elementor-size-large\">Jak\u00e9 druhy cookies pou\u017e\u00edv\u00e1me?<\/h2>\t\t\t\t<\/div>\n\t\t\t\t<\/div>\n\t\t\t\t<div class=\"elementor-element elementor-element-2affdd6 elementor-widget elementor-widget-text-editor\" data-id=\"2affdd6\" data-element_type=\"widget\" data-e-type=\"widget\" data-widget_type=\"text-editor.default\">\n\t\t\t\t<div class=\"elementor-widget-container\">\n\t\t\t\t\t\t\t\t\tV r\u00e1mci reklamn\u00edch slu\u017eeb vyu\u017e\u00edvaj\u00ed na\u0161e str\u00e1nky analytick\u00e9 n\u00e1stroje. D\u00edky nim m\u016f\u017eeme realizovat marketingov\u00e9 kampan\u011b, hodnotit chov\u00e1n\u00ed z\u00e1kazn\u00edk\u016f, sledovat a zaznamen\u00e1vat chyby v mobiln\u00ed aplikaci.\t\t\t\t\t\t\t\t<\/div>\n\t\t\t\t<\/div>\n\t\t\t\t<div class=\"elementor-element elementor-element-e2962d7 elementor-widget elementor-widget-text-editor\" data-id=\"e2962d7\" data-element_type=\"widget\" data-e-type=\"widget\" data-widget_type=\"text-editor.default\">\n\t\t\t\t<div class=\"elementor-widget-container\">\n\t\t\t\t\t\t\t\t\tCookies nikdy nepou\u017e\u00edv\u00e1me k tomu, abychom v\u00e1s osobn\u011b identifikovali a nikdy do nich neumis\u0165ujeme citliv\u00e1 nebo osobn\u00ed data.\t\t\t\t\t\t\t\t<\/div>\n\t\t\t\t<\/div>\n\t\t\t\t<div class=\"elementor-element elementor-element-6a0d66a elementor-widget elementor-widget-text-editor\" data-id=\"6a0d66a\" data-element_type=\"widget\" data-e-type=\"widget\" data-widget_type=\"text-editor.default\">\n\t\t\t\t<div class=\"elementor-widget-container\">\n\t\t\t\t\t\t\t\t\t<p><strong>Google Analytics<\/strong><\/p><p style=\"text-align: left;\">Slou\u017e\u00ed k hodnocen\u00ed chov\u00e1n\u00ed z\u00e1kazn\u00edk\u016f na na\u0161ich webov\u00fdch str\u00e1nk\u00e1ch. U\u017eivatel je hodnocen pouze na z\u00e1klad\u011b cookies. \u017d\u00e1dn\u00e9 dal\u0161\u00ed \u00fadaje pou\u017eity nejsou, a d\u00edky tomu je zaji\u0161t\u011bna u\u017eivatelova anonymita. Pou\u017eit\u00ed tohoto n\u00e1stroje m\u016f\u017eete omezit \u010di mu zabr\u00e1nit v nab\u00eddce \u201enastaven\u00ed reklam\u201c zde: https:\/\/www.google.com\/settings\/ads Ochranu soukrom\u00ed a smluvn\u00ed podm\u00ednky Google naleznete zde: https:\/\/www.google.com\/intl\/cs\/policies\/privacy\/.<\/p>\t\t\t\t\t\t\t\t<\/div>\n\t\t\t\t<\/div>\n\t\t\t\t<div class=\"elementor-element elementor-element-86661d0 elementor-hidden-desktop elementor-hidden-tablet elementor-hidden-phone elementor-widget elementor-widget-text-editor\" data-id=\"86661d0\" data-element_type=\"widget\" data-e-type=\"widget\" data-widget_type=\"text-editor.default\">\n\t\t\t\t<div class=\"elementor-widget-container\">\n\t\t\t\t\t\t\t\t\t<p><strong>Facebook<\/strong><\/p><p>N\u00e1stroj pro m\u011b\u0159en\u00ed efektivnosti marketingov\u00e9 on-line komunikace a pro efektivn\u011bj\u0161\u00ed c\u00edlen\u00ed on-line reklamy na Facebooku. V\u00edce informac\u00ed zde:\u00a0https:\/\/cs-cz.facebook.com\/policies\/cookies\/.<\/p>\t\t\t\t\t\t\t\t<\/div>\n\t\t\t\t<\/div>\n\t\t\t\t<div class=\"elementor-element elementor-element-3476f3b elementor-hidden-desktop elementor-hidden-tablet elementor-hidden-phone elementor-widget elementor-widget-text-editor\" data-id=\"3476f3b\" data-element_type=\"widget\" data-e-type=\"widget\" data-widget_type=\"text-editor.default\">\n\t\t\t\t<div class=\"elementor-widget-container\">\n\t\t\t\t\t\t\t\t\t<p><strong>Sklik<\/strong><\/p><p>N\u00e1stroj pro m\u011b\u0159en\u00ed efektivnosti marketingov\u00e9 on-line komunikace a pro efektivn\u011bj\u0161\u00ed c\u00edlen\u00ed on-line reklamy na vyhled\u00e1va\u010di www.seznam.cz.<\/p>\t\t\t\t\t\t\t\t<\/div>\n\t\t\t\t<\/div>\n\t\t\t\t<div class=\"elementor-element elementor-element-7ca31a8 elementor-widget elementor-widget-heading\" data-id=\"7ca31a8\" data-element_type=\"widget\" data-e-type=\"widget\" data-widget_type=\"heading.default\">\n\t\t\t\t<div class=\"elementor-widget-container\">\n\t\t\t\t\t<h2 class=\"elementor-heading-title elementor-size-large\">Poskytuj\u00ed se data n\u011bkomu dal\u0161\u00edmu?<\/h2>\t\t\t\t<\/div>\n\t\t\t\t<\/div>\n\t\t\t\t<div class=\"elementor-element elementor-element-c5a0de7 elementor-widget elementor-widget-text-editor\" data-id=\"c5a0de7\" data-element_type=\"widget\" data-e-type=\"widget\" data-widget_type=\"text-editor.default\">\n\t\t\t\t<div class=\"elementor-widget-container\">\n\t\t\t\t\t\t\t\t\t<p>HSE, spol. s r.o. coby spr\u00e1vce dat nesd\u00edl\u00ed z\u00edskan\u00e1 data cookies s \u017e\u00e1dnou t\u0159et\u00ed stranou.<\/p><p>Vzhledem k legislativ\u011b Evropsk\u00e9 unie, byl tento dokument p\u0159ipraven v souladu s Na\u0159\u00edzen\u00edm Evropsk\u00e9ho parlamentu a Rady (EU) 2016\/679 ze dne 27. dubna 2016 o ochran\u011b fyzick\u00fdch osob v souvislosti se zpracov\u00e1n\u00edm osobn\u00edch \u00fadaj\u016f a o voln\u00e9m pohybu t\u011bchto \u00fadaj\u016f a o zru\u0161en\u00ed sm\u011brnice 95\/46\/ES (GDPR).<\/p>\t\t\t\t\t\t\t\t<\/div>\n\t\t\t\t<\/div>\n\t\t\t\t<div class=\"elementor-element elementor-element-393e865 elementor-widget elementor-widget-heading\" data-id=\"393e865\" data-element_type=\"widget\" data-e-type=\"widget\" data-widget_type=\"heading.default\">\n\t\t\t\t<div class=\"elementor-widget-container\">\n\t\t\t\t\t<h2 class=\"elementor-heading-title elementor-size-large\">Nastaven\u00ed cookies<\/h2>\t\t\t\t<\/div>\n\t\t\t\t<\/div>\n\t\t\t\t<div class=\"elementor-element elementor-element-a61c565 elementor-widget elementor-widget-text-editor\" data-id=\"a61c565\" data-element_type=\"widget\" data-e-type=\"widget\" data-widget_type=\"text-editor.default\">\n\t\t\t\t<div class=\"elementor-widget-container\">\n\t\t\t\t\t\t\t\t\t<p>Jednotliv\u00e9 cookies, kter\u00e9 pou\u017e\u00edv\u00e1me si m\u016f\u017eete kdykoliv nastavit kliknut\u00edm na tento odkaz &#8211; <b>[wt_cli_manage_consent].<\/b><\/p>\t\t\t\t\t\t\t\t<\/div>\n\t\t\t\t<\/div>\n\t\t\t\t<div class=\"elementor-element elementor-element-137241d elementor-widget elementor-widget-text-editor\" data-id=\"137241d\" data-element_type=\"widget\" data-e-type=\"widget\" data-widget_type=\"text-editor.default\">\n\t\t\t\t<div class=\"elementor-widget-container\">\n\t\t\t\t\t\t\t\t\tDal\u0161\u00ed detaily o zpracov\u00e1n\u00ed osobn\u00edch \u00fadaj\u016f naleznete <strong><a href=\"https:\/\/www.hse.cz\/index.php\/ochrana-osobnich-udaju-hse\/\" target=\"_blank\" rel=\"noreferrer noopener\">zde<\/a><\/strong>.\t\t\t\t\t\t\t\t<\/div>\n\t\t\t\t<\/div>\n\t\t\t\t<div class=\"elementor-element elementor-element-57d592d elementor-widget elementor-widget-image\" data-id=\"57d592d\" data-element_type=\"widget\" data-e-type=\"widget\" data-widget_type=\"image.default\">\n\t\t\t\t<div class=\"elementor-widget-container\">\n\t\t\t\t\t\t\t\t\t\t\t\t\t\t\t<img decoding=\"async\" src=\"https:\/\/www.hse.cz\/wp-content\/uploads\/2020\/11\/logo-hse-long.svg\" class=\"attachment-full size-full wp-image-3256\" alt=\"Logo spole\u010dnosti HSE, spol. s r.o.\" \/>\t\t\t\t\t\t\t\t\t\t\t\t\t\t\t<\/div>\n\t\t\t\t<\/div>\n\t\t\t\t\t<\/div>\n\t\t<\/div>\n\t\t\t\t\t<\/div>\n\t\t<\/section>\n\t\t\t\t<\/div>\n\t\t","protected":false},"excerpt":{"rendered":"<p>pou\u017eit\u00ed cookies Tyto str\u00e1nky pou\u017e\u00edvaj\u00ed cookies za \u00fa\u010delem spr\u00e1vn\u00e9ho fungov\u00e1n\u00ed str\u00e1nek, lep\u0161\u00edho komfortu jejich prohl\u00ed\u017een\u00ed a personalizace reklamn\u00edch sd\u011blen\u00ed. Cookies napom\u00e1haj\u00ed pamatovat si va\u0161e aktivity a preference po ur\u010ditou dobu, abyste je nemuseli znovu vkl\u00e1dat, kdy\u017e se na str\u00e1nky vrac\u00edte nebo p\u0159ech\u00e1z\u00edte ze str\u00e1nky na str\u00e1nku. Informace jsou vyu\u017e\u00edv\u00e1ny pro \u00fa\u010dely optimalizace poskytovan\u00fdch slu\u017eeb prost\u0159ednictv\u00edm [&hellip;]<\/p>\n","protected":false},"author":1,"featured_media":7543,"parent":0,"menu_order":0,"comment_status":"closed","ping_status":"closed","template":"elementor_header_footer","meta":{"_acf_changed":false,"iawp_total_views":32,"footnotes":""},"folder":[],"class_list":["post-6352","page","type-page","status-publish","has-post-thumbnail","hentry"],"acf":[],"yoast_head":"<!-- This site is optimized with the Yoast SEO plugin v27.5 - https:\/\/yoast.com\/product\/yoast-seo-wordpress\/ -->\n<title>HSE, spol. s r.o. - Pou\u017eit\u00ed cookies<\/title>\n<meta name=\"description\" content=\"Webov\u00e9 str\u00e1nky HSE pou\u017e\u00edvaj\u00ed k poskytov\u00e1n\u00ed sv\u00fdch slu\u017eeb soubory cookies. Pou\u017e\u00edv\u00e1n\u00edm na\u0161eho webu souhlas\u00edte s pou\u017eit\u00edm soubor\u016f cookies.\" \/>\n<meta name=\"robots\" content=\"index, follow, max-snippet:-1, max-image-preview:large, max-video-preview:-1\" \/>\n<link rel=\"canonical\" href=\"https:\/\/www.hse.cz\/index.php\/pouziti-cookies-hse\/\" \/>\n<meta property=\"og:locale\" content=\"cs_CZ\" \/>\n<meta property=\"og:type\" content=\"article\" \/>\n<meta property=\"og:title\" content=\"HSE, spol. s r.o. - Pou\u017eit\u00ed cookies\" \/>\n<meta property=\"og:description\" content=\"Webov\u00e9 str\u00e1nky HSE pou\u017e\u00edvaj\u00ed k poskytov\u00e1n\u00ed sv\u00fdch slu\u017eeb soubory cookies. Pou\u017e\u00edv\u00e1n\u00edm na\u0161eho webu souhlas\u00edte s pou\u017eit\u00edm soubor\u016f cookies.\" \/>\n<meta property=\"og:url\" content=\"https:\/\/www.hse.cz\/index.php\/pouziti-cookies-hse\/\" \/>\n<meta property=\"og:site_name\" content=\"HSE, spol. s r.o.\" \/>\n<meta property=\"article:publisher\" content=\"https:\/\/www.facebook.com\/HSEcz\/?locale=cs_CZ\" \/>\n<meta property=\"article:modified_time\" content=\"2022-03-30T07:24:28+00:00\" \/>\n<meta property=\"og:image\" content=\"https:\/\/www.hse.cz\/wp-content\/uploads\/2021\/05\/logo-hse.png\" \/>\n\t<meta property=\"og:image:width\" content=\"1000\" \/>\n\t<meta property=\"og:image:height\" content=\"1000\" \/>\n\t<meta property=\"og:image:type\" content=\"image\/png\" \/>\n<meta name=\"twitter:card\" content=\"summary_large_image\" \/>\n<meta name=\"twitter:label1\" content=\"Odhadovan\u00e1 doba \u010dten\u00ed\" \/>\n\t<meta name=\"twitter:data1\" content=\"2 minuty\" \/>\n<script type=\"application\/ld+json\" class=\"yoast-schema-graph\">{\"@context\":\"https:\\\/\\\/schema.org\",\"@graph\":[{\"@type\":\"WebPage\",\"@id\":\"https:\\\/\\\/www.hse.cz\\\/index.php\\\/pouziti-cookies-hse\\\/\",\"url\":\"https:\\\/\\\/www.hse.cz\\\/index.php\\\/pouziti-cookies-hse\\\/\",\"name\":\"HSE, spol. s r.o. - Pou\u017eit\u00ed cookies\",\"isPartOf\":{\"@id\":\"https:\\\/\\\/www.hse.cz\\\/#website\"},\"primaryImageOfPage\":{\"@id\":\"https:\\\/\\\/www.hse.cz\\\/index.php\\\/pouziti-cookies-hse\\\/#primaryimage\"},\"image\":{\"@id\":\"https:\\\/\\\/www.hse.cz\\\/index.php\\\/pouziti-cookies-hse\\\/#primaryimage\"},\"thumbnailUrl\":\"https:\\\/\\\/www.hse.cz\\\/wp-content\\\/uploads\\\/2021\\\/05\\\/logo-hse.png\",\"datePublished\":\"2021-04-08T07:23:24+00:00\",\"dateModified\":\"2022-03-30T07:24:28+00:00\",\"description\":\"Webov\u00e9 str\u00e1nky HSE pou\u017e\u00edvaj\u00ed k poskytov\u00e1n\u00ed sv\u00fdch slu\u017eeb soubory cookies. Pou\u017e\u00edv\u00e1n\u00edm na\u0161eho webu souhlas\u00edte s pou\u017eit\u00edm soubor\u016f cookies.\",\"breadcrumb\":{\"@id\":\"https:\\\/\\\/www.hse.cz\\\/index.php\\\/pouziti-cookies-hse\\\/#breadcrumb\"},\"inLanguage\":\"cs\",\"potentialAction\":[{\"@type\":\"ReadAction\",\"target\":[\"https:\\\/\\\/www.hse.cz\\\/index.php\\\/pouziti-cookies-hse\\\/\"]}]},{\"@type\":\"ImageObject\",\"inLanguage\":\"cs\",\"@id\":\"https:\\\/\\\/www.hse.cz\\\/index.php\\\/pouziti-cookies-hse\\\/#primaryimage\",\"url\":\"https:\\\/\\\/www.hse.cz\\\/wp-content\\\/uploads\\\/2021\\\/05\\\/logo-hse.png\",\"contentUrl\":\"https:\\\/\\\/www.hse.cz\\\/wp-content\\\/uploads\\\/2021\\\/05\\\/logo-hse.png\",\"width\":1000,\"height\":1000},{\"@type\":\"BreadcrumbList\",\"@id\":\"https:\\\/\\\/www.hse.cz\\\/index.php\\\/pouziti-cookies-hse\\\/#breadcrumb\",\"itemListElement\":[{\"@type\":\"ListItem\",\"position\":1,\"name\":\"Home\",\"item\":\"https:\\\/\\\/www.hse.cz\\\/\"},{\"@type\":\"ListItem\",\"position\":2,\"name\":\"Pou\u017eit\u00ed cookies\"}]},{\"@type\":\"WebSite\",\"@id\":\"https:\\\/\\\/www.hse.cz\\\/#website\",\"url\":\"https:\\\/\\\/www.hse.cz\\\/\",\"name\":\"HSE, spol. s r.o.\",\"description\":\"Ocelov\u00e9 dve\u0159e, z\u00e1rubn\u011b a po\u017e\u00e1rn\u00ed uz\u00e1v\u011bry na m\u00edru\",\"publisher\":{\"@id\":\"https:\\\/\\\/www.hse.cz\\\/#organization\"},\"alternateName\":\"Humpoleck\u00e9 stavebn\u00ed elementy\",\"potentialAction\":[{\"@type\":\"SearchAction\",\"target\":{\"@type\":\"EntryPoint\",\"urlTemplate\":\"https:\\\/\\\/www.hse.cz\\\/?s={search_term_string}\"},\"query-input\":{\"@type\":\"PropertyValueSpecification\",\"valueRequired\":true,\"valueName\":\"search_term_string\"}}],\"inLanguage\":\"cs\"},{\"@type\":\"Organization\",\"@id\":\"https:\\\/\\\/www.hse.cz\\\/#organization\",\"name\":\"HSE, spol. s r.o.\",\"alternateName\":\"Humpoleck\u00e9 stavebn\u00ed elementy\",\"url\":\"https:\\\/\\\/www.hse.cz\\\/\",\"logo\":{\"@type\":\"ImageObject\",\"inLanguage\":\"cs\",\"@id\":\"https:\\\/\\\/www.hse.cz\\\/#\\\/schema\\\/logo\\\/image\\\/\",\"url\":\"https:\\\/\\\/www.hse.cz\\\/wp-content\\\/uploads\\\/2019\\\/11\\\/hse_web_logo_2020.svg\",\"contentUrl\":\"https:\\\/\\\/www.hse.cz\\\/wp-content\\\/uploads\\\/2019\\\/11\\\/hse_web_logo_2020.svg\",\"caption\":\"HSE, spol. s r.o.\"},\"image\":{\"@id\":\"https:\\\/\\\/www.hse.cz\\\/#\\\/schema\\\/logo\\\/image\\\/\"},\"sameAs\":[\"https:\\\/\\\/www.facebook.com\\\/HSEcz\\\/?locale=cs_CZ\"]}]}<\/script>\n<!-- \/ Yoast SEO plugin. -->","yoast_head_json":{"title":"HSE, spol. s r.o. - Pou\u017eit\u00ed cookies","description":"Webov\u00e9 str\u00e1nky HSE pou\u017e\u00edvaj\u00ed k poskytov\u00e1n\u00ed sv\u00fdch slu\u017eeb soubory cookies. Pou\u017e\u00edv\u00e1n\u00edm na\u0161eho webu souhlas\u00edte s pou\u017eit\u00edm soubor\u016f cookies.","robots":{"index":"index","follow":"follow","max-snippet":"max-snippet:-1","max-image-preview":"max-image-preview:large","max-video-preview":"max-video-preview:-1"},"canonical":"https:\/\/www.hse.cz\/index.php\/pouziti-cookies-hse\/","og_locale":"cs_CZ","og_type":"article","og_title":"HSE, spol. s r.o. - Pou\u017eit\u00ed cookies","og_description":"Webov\u00e9 str\u00e1nky HSE pou\u017e\u00edvaj\u00ed k poskytov\u00e1n\u00ed sv\u00fdch slu\u017eeb soubory cookies. Pou\u017e\u00edv\u00e1n\u00edm na\u0161eho webu souhlas\u00edte s pou\u017eit\u00edm soubor\u016f cookies.","og_url":"https:\/\/www.hse.cz\/index.php\/pouziti-cookies-hse\/","og_site_name":"HSE, spol. s r.o.","article_publisher":"https:\/\/www.facebook.com\/HSEcz\/?locale=cs_CZ","article_modified_time":"2022-03-30T07:24:28+00:00","og_image":[{"width":1000,"height":1000,"url":"https:\/\/www.hse.cz\/wp-content\/uploads\/2021\/05\/logo-hse.png","type":"image\/png"}],"twitter_card":"summary_large_image","twitter_misc":{"Odhadovan\u00e1 doba \u010dten\u00ed":"2 minuty"},"schema":{"@context":"https:\/\/schema.org","@graph":[{"@type":"WebPage","@id":"https:\/\/www.hse.cz\/index.php\/pouziti-cookies-hse\/","url":"https:\/\/www.hse.cz\/index.php\/pouziti-cookies-hse\/","name":"HSE, spol. s r.o. - Pou\u017eit\u00ed cookies","isPartOf":{"@id":"https:\/\/www.hse.cz\/#website"},"primaryImageOfPage":{"@id":"https:\/\/www.hse.cz\/index.php\/pouziti-cookies-hse\/#primaryimage"},"image":{"@id":"https:\/\/www.hse.cz\/index.php\/pouziti-cookies-hse\/#primaryimage"},"thumbnailUrl":"https:\/\/www.hse.cz\/wp-content\/uploads\/2021\/05\/logo-hse.png","datePublished":"2021-04-08T07:23:24+00:00","dateModified":"2022-03-30T07:24:28+00:00","description":"Webov\u00e9 str\u00e1nky HSE pou\u017e\u00edvaj\u00ed k poskytov\u00e1n\u00ed sv\u00fdch slu\u017eeb soubory cookies. Pou\u017e\u00edv\u00e1n\u00edm na\u0161eho webu souhlas\u00edte s pou\u017eit\u00edm soubor\u016f cookies.","breadcrumb":{"@id":"https:\/\/www.hse.cz\/index.php\/pouziti-cookies-hse\/#breadcrumb"},"inLanguage":"cs","potentialAction":[{"@type":"ReadAction","target":["https:\/\/www.hse.cz\/index.php\/pouziti-cookies-hse\/"]}]},{"@type":"ImageObject","inLanguage":"cs","@id":"https:\/\/www.hse.cz\/index.php\/pouziti-cookies-hse\/#primaryimage","url":"https:\/\/www.hse.cz\/wp-content\/uploads\/2021\/05\/logo-hse.png","contentUrl":"https:\/\/www.hse.cz\/wp-content\/uploads\/2021\/05\/logo-hse.png","width":1000,"height":1000},{"@type":"BreadcrumbList","@id":"https:\/\/www.hse.cz\/index.php\/pouziti-cookies-hse\/#breadcrumb","itemListElement":[{"@type":"ListItem","position":1,"name":"Home","item":"https:\/\/www.hse.cz\/"},{"@type":"ListItem","position":2,"name":"Pou\u017eit\u00ed cookies"}]},{"@type":"WebSite","@id":"https:\/\/www.hse.cz\/#website","url":"https:\/\/www.hse.cz\/","name":"HSE, spol. s r.o.","description":"Ocelov\u00e9 dve\u0159e, z\u00e1rubn\u011b a po\u017e\u00e1rn\u00ed uz\u00e1v\u011bry na m\u00edru","publisher":{"@id":"https:\/\/www.hse.cz\/#organization"},"alternateName":"Humpoleck\u00e9 stavebn\u00ed elementy","potentialAction":[{"@type":"SearchAction","target":{"@type":"EntryPoint","urlTemplate":"https:\/\/www.hse.cz\/?s={search_term_string}"},"query-input":{"@type":"PropertyValueSpecification","valueRequired":true,"valueName":"search_term_string"}}],"inLanguage":"cs"},{"@type":"Organization","@id":"https:\/\/www.hse.cz\/#organization","name":"HSE, spol. s r.o.","alternateName":"Humpoleck\u00e9 stavebn\u00ed elementy","url":"https:\/\/www.hse.cz\/","logo":{"@type":"ImageObject","inLanguage":"cs","@id":"https:\/\/www.hse.cz\/#\/schema\/logo\/image\/","url":"https:\/\/www.hse.cz\/wp-content\/uploads\/2019\/11\/hse_web_logo_2020.svg","contentUrl":"https:\/\/www.hse.cz\/wp-content\/uploads\/2019\/11\/hse_web_logo_2020.svg","caption":"HSE, spol. s r.o."},"image":{"@id":"https:\/\/www.hse.cz\/#\/schema\/logo\/image\/"},"sameAs":["https:\/\/www.facebook.com\/HSEcz\/?locale=cs_CZ"]}]}},"_links":{"self":[{"href":"https:\/\/www.hse.cz\/index.php\/wp-json\/wp\/v2\/pages\/6352","targetHints":{"allow":["GET"]}}],"collection":[{"href":"https:\/\/www.hse.cz\/index.php\/wp-json\/wp\/v2\/pages"}],"about":[{"href":"https:\/\/www.hse.cz\/index.php\/wp-json\/wp\/v2\/types\/page"}],"author":[{"embeddable":true,"href":"https:\/\/www.hse.cz\/index.php\/wp-json\/wp\/v2\/users\/1"}],"replies":[{"embeddable":true,"href":"https:\/\/www.hse.cz\/index.php\/wp-json\/wp\/v2\/comments?post=6352"}],"version-history":[{"count":0,"href":"https:\/\/www.hse.cz\/index.php\/wp-json\/wp\/v2\/pages\/6352\/revisions"}],"wp:featuredmedia":[{"embeddable":true,"href":"https:\/\/www.hse.cz\/index.php\/wp-json\/wp\/v2\/media\/7543"}],"wp:attachment":[{"href":"https:\/\/www.hse.cz\/index.php\/wp-json\/wp\/v2\/media?parent=6352"}],"wp:term":[{"taxonomy":"folder","embeddable":true,"href":"https:\/\/www.hse.cz\/index.php\/wp-json\/wp\/v2\/folder?post=6352"}],"curies":[{"name":"wp","href":"https:\/\/api.w.org\/{rel}","templated":true}]}}