{"id":7621,"date":"2021-05-10T13:17:37","date_gmt":"2021-05-10T11:17:37","guid":{"rendered":"https:\/\/www.hse.cz\/?page_id=7621"},"modified":"2024-12-13T17:24:12","modified_gmt":"2024-12-13T16:24:12","slug":"zakaznicka-podpora","status":"publish","type":"page","link":"https:\/\/www.hse.cz\/index.php\/zakaznicka-podpora\/","title":{"rendered":"Z\u00e1kaznick\u00e1 podpora"},"content":{"rendered":"\t\t<div data-elementor-type=\"wp-page\" data-elementor-id=\"7621\" class=\"elementor elementor-7621\" data-elementor-post-type=\"page\">\n\t\t\t\t\t\t<section class=\"elementor-section elementor-top-section elementor-element elementor-element-89c097d elementor-section-boxed elementor-section-height-default elementor-section-height-default\" data-id=\"89c097d\" data-element_type=\"section\" data-e-type=\"section\">\n\t\t\t\t\t\t<div class=\"elementor-container elementor-column-gap-default\">\n\t\t\t\t\t<div class=\"elementor-column elementor-col-100 elementor-top-column elementor-element elementor-element-513b6c0\" data-id=\"513b6c0\" data-element_type=\"column\" data-e-type=\"column\">\n\t\t\t<div class=\"elementor-widget-wrap elementor-element-populated\">\n\t\t\t\t\t\t<div class=\"elementor-element elementor-element-6d7f1de elementor-widget elementor-widget-heading\" data-id=\"6d7f1de\" data-element_type=\"widget\" data-e-type=\"widget\" data-widget_type=\"heading.default\">\n\t\t\t\t<div class=\"elementor-widget-container\">\n\t\t\t\t\t<h1 class=\"elementor-heading-title elementor-size-default\">Z\u00e1kaznick\u00e1 podpora<\/h1>\t\t\t\t<\/div>\n\t\t\t\t<\/div>\n\t\t\t\t<div class=\"elementor-element elementor-element-0ab3213 elementor-widget-divider--view-line elementor-widget elementor-widget-divider\" data-id=\"0ab3213\" data-element_type=\"widget\" data-e-type=\"widget\" data-widget_type=\"divider.default\">\n\t\t\t\t<div class=\"elementor-widget-container\">\n\t\t\t\t\t\t\t<div class=\"elementor-divider\">\n\t\t\t<span class=\"elementor-divider-separator\">\n\t\t\t\t\t\t<\/span>\n\t\t<\/div>\n\t\t\t\t\t\t<\/div>\n\t\t\t\t<\/div>\n\t\t\t\t<div class=\"elementor-element elementor-element-16a8729 elementor-widget elementor-widget-heading\" data-id=\"16a8729\" data-element_type=\"widget\" data-e-type=\"widget\" data-widget_type=\"heading.default\">\n\t\t\t\t<div class=\"elementor-widget-container\">\n\t\t\t\t\t<h2 class=\"elementor-heading-title elementor-size-default\">Dokumenty ke sta\u017een\u00ed<\/h2>\t\t\t\t<\/div>\n\t\t\t\t<\/div>\n\t\t\t\t<div class=\"elementor-element elementor-element-8fe447e elementor-icon-list--layout-traditional elementor-list-item-link-full_width elementor-widget elementor-widget-icon-list\" data-id=\"8fe447e\" data-element_type=\"widget\" data-e-type=\"widget\" data-widget_type=\"icon-list.default\">\n\t\t\t\t<div class=\"elementor-widget-container\">\n\t\t\t\t\t\t\t<ul class=\"elementor-icon-list-items\">\n\t\t\t\t\t\t\t<li class=\"elementor-icon-list-item\">\n\t\t\t\t\t\t\t\t\t\t\t<a href=\"https:\/\/www.hse.cz\/wp-content\/uploads\/2022\/08\/Reklamacni-rad.pdf\" rel=\"nofollow\">\n\n\t\t\t\t\t\t\t\t\t\t\t\t<span class=\"elementor-icon-list-icon\">\n\t\t\t\t\t\t\t<i aria-hidden=\"true\" class=\"fas fa-file-download\"><\/i>\t\t\t\t\t\t<\/span>\n\t\t\t\t\t\t\t\t\t\t<span class=\"elementor-icon-list-text\">Reklama\u010dn\u00ed \u0159\u00e1d<\/span>\n\t\t\t\t\t\t\t\t\t\t\t<\/a>\n\t\t\t\t\t\t\t\t\t<\/li>\n\t\t\t\t\t\t\t\t<li class=\"elementor-icon-list-item\">\n\t\t\t\t\t\t\t\t\t\t\t<a href=\"https:\/\/www.hse.cz\/wp-content\/uploads\/2022\/08\/Reklamacni-protokol-ID-410019.xlsx\" rel=\"nofollow\">\n\n\t\t\t\t\t\t\t\t\t\t\t\t<span class=\"elementor-icon-list-icon\">\n\t\t\t\t\t\t\t<i aria-hidden=\"true\" class=\"fas fa-file-download\"><\/i>\t\t\t\t\t\t<\/span>\n\t\t\t\t\t\t\t\t\t\t<span class=\"elementor-icon-list-text\">Reklama\u010dn\u00ed formul\u00e1\u0159<\/span>\n\t\t\t\t\t\t\t\t\t\t\t<\/a>\n\t\t\t\t\t\t\t\t\t<\/li>\n\t\t\t\t\t\t<\/ul>\n\t\t\t\t\t\t<\/div>\n\t\t\t\t<\/div>\n\t\t\t\t<div class=\"elementor-element elementor-element-dee3d58 elementor-widget elementor-widget-heading\" data-id=\"dee3d58\" data-element_type=\"widget\" data-e-type=\"widget\" data-widget_type=\"heading.default\">\n\t\t\t\t<div class=\"elementor-widget-container\">\n\t\t\t\t\t<h2 class=\"elementor-heading-title elementor-size-default\">Objedn\u00e1vkov\u00fd formul\u00e1\u0159<\/h2>\t\t\t\t<\/div>\n\t\t\t\t<\/div>\n\t\t\t\t<div class=\"elementor-element elementor-element-fc64d5d elementor-hidden-desktop elementor-hidden-tablet elementor-hidden-mobile elementor-widget elementor-widget-text-editor\" data-id=\"fc64d5d\" data-element_type=\"widget\" data-e-type=\"widget\" data-widget_type=\"text-editor.default\">\n\t\t\t\t<div class=\"elementor-widget-container\">\n\t\t\t\t\t\t\t\t\tZ\u00e1rubn\u011b\t\t\t\t\t\t\t\t<\/div>\n\t\t\t\t<\/div>\n\t\t\t\t<div class=\"elementor-element elementor-element-e390c60 elementor-icon-list--layout-traditional elementor-list-item-link-full_width elementor-widget elementor-widget-icon-list\" data-id=\"e390c60\" data-element_type=\"widget\" data-e-type=\"widget\" data-widget_type=\"icon-list.default\">\n\t\t\t\t<div class=\"elementor-widget-container\">\n\t\t\t\t\t\t\t<ul class=\"elementor-icon-list-items\">\n\t\t\t\t\t\t\t<li class=\"elementor-icon-list-item\">\n\t\t\t\t\t\t\t\t\t\t\t<a href=\"https:\/\/www.hse.cz\/wp-content\/uploads\/2024\/02\/objednavkovy-formular-hse-cz.xlsx\" rel=\"nofollow\">\n\n\t\t\t\t\t\t\t\t\t\t\t\t<span class=\"elementor-icon-list-icon\">\n\t\t\t\t\t\t\t<i aria-hidden=\"true\" class=\"fas fa-file-download\"><\/i>\t\t\t\t\t\t<\/span>\n\t\t\t\t\t\t\t\t\t\t<span class=\"elementor-icon-list-text\">Objedn\u00e1vkov\u00fd \/ popt\u00e1vkov\u00fd formul\u00e1\u0159<\/span>\n\t\t\t\t\t\t\t\t\t\t\t<\/a>\n\t\t\t\t\t\t\t\t\t<\/li>\n\t\t\t\t\t\t<\/ul>\n\t\t\t\t\t\t<\/div>\n\t\t\t\t<\/div>\n\t\t\t\t<div class=\"elementor-element elementor-element-253284d elementor-hidden-desktop elementor-hidden-tablet elementor-hidden-mobile elementor-icon-list--layout-traditional elementor-list-item-link-full_width elementor-widget elementor-widget-icon-list\" data-id=\"253284d\" data-element_type=\"widget\" data-e-type=\"widget\" data-widget_type=\"icon-list.default\">\n\t\t\t\t<div class=\"elementor-widget-container\">\n\t\t\t\t\t\t\t<ul class=\"elementor-icon-list-items\">\n\t\t\t\t\t\t\t<li class=\"elementor-icon-list-item\">\n\t\t\t\t\t\t\t\t\t\t\t<a href=\"https:\/\/www.hse.cz\/wp-content\/uploads\/2020\/10\/obj_form_zarubne_standard.pdf\" rel=\"nofollow\">\n\n\t\t\t\t\t\t\t\t\t\t\t\t<span class=\"elementor-icon-list-icon\">\n\t\t\t\t\t\t\t<i aria-hidden=\"true\" class=\"fas fa-file-download\"><\/i>\t\t\t\t\t\t<\/span>\n\t\t\t\t\t\t\t\t\t\t<span class=\"elementor-icon-list-text\">Objedn\u00e1vkov\u00fd formul\u00e1\u0159 pro standardn\u00ed z\u00e1rubn\u011b<\/span>\n\t\t\t\t\t\t\t\t\t\t\t<\/a>\n\t\t\t\t\t\t\t\t\t<\/li>\n\t\t\t\t\t\t\t\t<li class=\"elementor-icon-list-item\">\n\t\t\t\t\t\t\t\t\t\t\t<a href=\"https:\/\/www.hse.cz\/wp-content\/uploads\/2020\/10\/obj_form_zarubne_spec.pdf\" rel=\"nofollow\">\n\n\t\t\t\t\t\t\t\t\t\t\t\t<span class=\"elementor-icon-list-icon\">\n\t\t\t\t\t\t\t<i aria-hidden=\"true\" class=\"fas fa-file-download\"><\/i>\t\t\t\t\t\t<\/span>\n\t\t\t\t\t\t\t\t\t\t<span class=\"elementor-icon-list-text\">Objedn\u00e1vkov\u00fd formul\u00e1\u0159 pro             atypick\u00e9 z\u00e1rubn\u011b<\/span>\n\t\t\t\t\t\t\t\t\t\t\t<\/a>\n\t\t\t\t\t\t\t\t\t<\/li>\n\t\t\t\t\t\t\t\t<li class=\"elementor-icon-list-item\">\n\t\t\t\t\t\t\t\t\t\t\t<a href=\"https:\/\/www.hse.cz\/wp-content\/uploads\/2020\/10\/obj_form_zarubne_nadsvetlik.pdf\" rel=\"nofollow\">\n\n\t\t\t\t\t\t\t\t\t\t\t\t<span class=\"elementor-icon-list-icon\">\n\t\t\t\t\t\t\t<i aria-hidden=\"true\" class=\"fas fa-file-download\"><\/i>\t\t\t\t\t\t<\/span>\n\t\t\t\t\t\t\t\t\t\t<span class=\"elementor-icon-list-text\">Objedn\u00e1vkov\u00fd formul\u00e1\u0159             pro             z\u00e1rubn\u011b s nadsv\u011btl\u00edkem<\/span>\n\t\t\t\t\t\t\t\t\t\t\t<\/a>\n\t\t\t\t\t\t\t\t\t<\/li>\n\t\t\t\t\t\t\t\t<li class=\"elementor-icon-list-item\">\n\t\t\t\t\t\t\t\t\t\t\t<a href=\"https:\/\/www.hse.cz\/wp-content\/uploads\/2020\/10\/obj_form_zarubne_svetlik.pdf\" rel=\"nofollow\">\n\n\t\t\t\t\t\t\t\t\t\t\t\t<span class=\"elementor-icon-list-icon\">\n\t\t\t\t\t\t\t<i aria-hidden=\"true\" class=\"fas fa-file-download\"><\/i>\t\t\t\t\t\t<\/span>\n\t\t\t\t\t\t\t\t\t\t<span class=\"elementor-icon-list-text\">Objedn\u00e1vkov\u00fd formul\u00e1\u0159 pro             z\u00e1rubn\u011b s postrann\u00edm sv\u011btl\u00edkem<\/span>\n\t\t\t\t\t\t\t\t\t\t\t<\/a>\n\t\t\t\t\t\t\t\t\t<\/li>\n\t\t\t\t\t\t\t\t<li class=\"elementor-icon-list-item\">\n\t\t\t\t\t\t\t\t\t\t\t<a href=\"https:\/\/www.hse.cz\/wp-content\/uploads\/2020\/10\/obj_form_zarubne_vzory.pdf\" rel=\"nofollow\">\n\n\t\t\t\t\t\t\t\t\t\t\t\t<span class=\"elementor-icon-list-icon\">\n\t\t\t\t\t\t\t<i aria-hidden=\"true\" class=\"fas fa-file-download\"><\/i>\t\t\t\t\t\t<\/span>\n\t\t\t\t\t\t\t\t\t\t<span class=\"elementor-icon-list-text\">Vzory pro vypln\u011bn\u00ed             objedn\u00e1vkov\u00fdch formul\u00e1\u0159\u016f<\/span>\n\t\t\t\t\t\t\t\t\t\t\t<\/a>\n\t\t\t\t\t\t\t\t\t<\/li>\n\t\t\t\t\t\t<\/ul>\n\t\t\t\t\t\t<\/div>\n\t\t\t\t<\/div>\n\t\t\t\t<div class=\"elementor-element elementor-element-a63308b elementor-hidden-desktop elementor-hidden-tablet elementor-hidden-mobile elementor-widget elementor-widget-text-editor\" data-id=\"a63308b\" data-element_type=\"widget\" data-e-type=\"widget\" data-widget_type=\"text-editor.default\">\n\t\t\t\t<div class=\"elementor-widget-container\">\n\t\t\t\t\t\t\t\t\tDve\u0159e\t\t\t\t\t\t\t\t<\/div>\n\t\t\t\t<\/div>\n\t\t\t\t<div class=\"elementor-element elementor-element-cea36b1 elementor-hidden-desktop elementor-hidden-tablet elementor-hidden-mobile elementor-icon-list--layout-traditional elementor-list-item-link-full_width elementor-widget elementor-widget-icon-list\" data-id=\"cea36b1\" data-element_type=\"widget\" data-e-type=\"widget\" data-widget_type=\"icon-list.default\">\n\t\t\t\t<div class=\"elementor-widget-container\">\n\t\t\t\t\t\t\t<ul class=\"elementor-icon-list-items\">\n\t\t\t\t\t\t\t<li class=\"elementor-icon-list-item\">\n\t\t\t\t\t\t\t\t\t\t\t<a href=\"https:\/\/www.hse.cz\/wp-content\/uploads\/2020\/10\/obj_form_dvere.pdf\" rel=\"nofollow\">\n\n\t\t\t\t\t\t\t\t\t\t\t\t<span class=\"elementor-icon-list-icon\">\n\t\t\t\t\t\t\t<i aria-hidden=\"true\" class=\"fas fa-file-download\"><\/i>\t\t\t\t\t\t<\/span>\n\t\t\t\t\t\t\t\t\t\t<span class=\"elementor-icon-list-text\">Objedn\u00e1vkov\u00fd formul\u00e1\u0159 pro dve\u0159e<\/span>\n\t\t\t\t\t\t\t\t\t\t\t<\/a>\n\t\t\t\t\t\t\t\t\t<\/li>\n\t\t\t\t\t\t\t\t<li class=\"elementor-icon-list-item\">\n\t\t\t\t\t\t\t\t\t\t\t<a href=\"https:\/\/www.hse.cz\/wp-content\/uploads\/2020\/10\/obj_form_dvere_vzory.pdf\" rel=\"nofollow\">\n\n\t\t\t\t\t\t\t\t\t\t\t\t<span class=\"elementor-icon-list-icon\">\n\t\t\t\t\t\t\t<i aria-hidden=\"true\" class=\"fas fa-file-download\"><\/i>\t\t\t\t\t\t<\/span>\n\t\t\t\t\t\t\t\t\t\t<span class=\"elementor-icon-list-text\">Vzor pro vypln\u011bn\u00ed objedn\u00e1vkov\u00e9ho formul\u00e1\u0159e<\/span>\n\t\t\t\t\t\t\t\t\t\t\t<\/a>\n\t\t\t\t\t\t\t\t\t<\/li>\n\t\t\t\t\t\t<\/ul>\n\t\t\t\t\t\t<\/div>\n\t\t\t\t<\/div>\n\t\t\t\t\t<\/div>\n\t\t<\/div>\n\t\t\t\t\t<\/div>\n\t\t<\/section>\n\t\t\t\t<section class=\"elementor-section elementor-top-section elementor-element elementor-element-ac028ba elementor-section-boxed elementor-section-height-default elementor-section-height-default\" data-id=\"ac028ba\" data-element_type=\"section\" data-e-type=\"section\" data-settings=\"{&quot;background_background&quot;:&quot;classic&quot;}\">\n\t\t\t\t\t\t<div class=\"elementor-container elementor-column-gap-default\">\n\t\t\t\t\t<div class=\"elementor-column elementor-col-100 elementor-top-column elementor-element elementor-element-8588c33\" data-id=\"8588c33\" data-element_type=\"column\" data-e-type=\"column\" data-settings=\"{&quot;background_background&quot;:&quot;classic&quot;}\">\n\t\t\t<div class=\"elementor-widget-wrap elementor-element-populated\">\n\t\t\t\t\t\t<div class=\"elementor-element elementor-element-07ed840 elementor-widget__width-inherit elementor-widget elementor-widget-text-editor\" data-id=\"07ed840\" data-element_type=\"widget\" data-e-type=\"widget\" data-widget_type=\"text-editor.default\">\n\t\t\t\t<div class=\"elementor-widget-container\">\n\t\t\t\t\t\t\t\t\tNena\u0161li jste dokument, kter\u00fd jste hledali?\t\t\t\t\t\t\t\t<\/div>\n\t\t\t\t<\/div>\n\t\t\t\t<div class=\"elementor-element elementor-element-e66925c elementor-widget__width-auto elementor-widget-tablet__width-inherit elementor-widget elementor-widget-text-editor\" data-id=\"e66925c\" data-element_type=\"widget\" data-e-type=\"widget\" data-widget_type=\"text-editor.default\">\n\t\t\t\t<div class=\"elementor-widget-container\">\n\t\t\t\t\t\t\t\t\tSpojte se s na\u0161\u00edm obchodn\u00edm t\u00fdmem!\t\t\t\t\t\t\t\t<\/div>\n\t\t\t\t<\/div>\n\t\t\t\t<div class=\"elementor-element elementor-element-ec809b0 elementor-align-left elementor-tablet-align-center elementor-mobile-align-center elementor-widget__width-auto elementor-widget-tablet__width-inherit elementor-widget elementor-widget-button\" data-id=\"ec809b0\" data-element_type=\"widget\" data-e-type=\"widget\" data-widget_type=\"button.default\">\n\t\t\t\t<div class=\"elementor-widget-container\">\n\t\t\t\t\t\t\t\t\t<div class=\"elementor-button-wrapper\">\n\t\t\t\t\t<a class=\"elementor-button elementor-button-link elementor-size-xs\" href=\"https:\/\/www.hse.cz\/index.php\/seznam-kontaktu-hse\/\">\n\t\t\t\t\t\t<span class=\"elementor-button-content-wrapper\">\n\t\t\t\t\t\t<span class=\"elementor-button-icon\">\n\t\t\t\t<i aria-hidden=\"true\" class=\"fas fa-caret-right\"><\/i>\t\t\t<\/span>\n\t\t\t\t\t\t\t\t\t<span class=\"elementor-button-text\">P\u0159ej\u00edt na kontakty<\/span>\n\t\t\t\t\t<\/span>\n\t\t\t\t\t<\/a>\n\t\t\t\t<\/div>\n\t\t\t\t\t\t\t\t<\/div>\n\t\t\t\t<\/div>\n\t\t\t\t\t<\/div>\n\t\t<\/div>\n\t\t\t\t\t<\/div>\n\t\t<\/section>\n\t\t\t\t<\/div>\n\t\t","protected":false},"excerpt":{"rendered":"<p>Z\u00e1kaznick\u00e1 podpora Dokumenty ke sta\u017een\u00ed Reklama\u010dn\u00ed \u0159\u00e1d Reklama\u010dn\u00ed formul\u00e1\u0159 Objedn\u00e1vkov\u00fd formul\u00e1\u0159 Z\u00e1rubn\u011b Objedn\u00e1vkov\u00fd \/ popt\u00e1vkov\u00fd formul\u00e1\u0159 Objedn\u00e1vkov\u00fd formul\u00e1\u0159 pro standardn\u00ed z\u00e1rubn\u011b Objedn\u00e1vkov\u00fd formul\u00e1\u0159 pro atypick\u00e9 z\u00e1rubn\u011b Objedn\u00e1vkov\u00fd formul\u00e1\u0159 pro z\u00e1rubn\u011b s nadsv\u011btl\u00edkem Objedn\u00e1vkov\u00fd formul\u00e1\u0159 pro z\u00e1rubn\u011b s postrann\u00edm sv\u011btl\u00edkem Vzory pro vypln\u011bn\u00ed objedn\u00e1vkov\u00fdch formul\u00e1\u0159\u016f Dve\u0159e Objedn\u00e1vkov\u00fd formul\u00e1\u0159 pro dve\u0159e Vzor pro vypln\u011bn\u00ed objedn\u00e1vkov\u00e9ho formul\u00e1\u0159e Nena\u0161li [&hellip;]<\/p>\n","protected":false},"author":1,"featured_media":7543,"parent":0,"menu_order":0,"comment_status":"closed","ping_status":"closed","template":"","meta":{"_acf_changed":false,"iawp_total_views":141,"footnotes":""},"folder":[],"class_list":["post-7621","page","type-page","status-publish","has-post-thumbnail","hentry"],"acf":[],"yoast_head":"<!-- This site is optimized with the Yoast SEO plugin v27.5 - https:\/\/yoast.com\/product\/yoast-seo-wordpress\/ -->\n<title>HSE, spol. s r.o. - Z\u00e1kaznick\u00e1 podpora<\/title>\n<meta name=\"robots\" content=\"index, follow, max-snippet:-1, max-image-preview:large, max-video-preview:-1\" \/>\n<link rel=\"canonical\" href=\"https:\/\/www.hse.cz\/index.php\/zakaznicka-podpora\/\" \/>\n<meta property=\"og:locale\" content=\"cs_CZ\" \/>\n<meta property=\"og:type\" content=\"article\" \/>\n<meta property=\"og:title\" content=\"HSE, spol. s r.o. - Z\u00e1kaznick\u00e1 podpora\" \/>\n<meta property=\"og:description\" content=\"Z\u00e1kaznick\u00e1 podpora Dokumenty ke sta\u017een\u00ed Reklama\u010dn\u00ed \u0159\u00e1d Reklama\u010dn\u00ed formul\u00e1\u0159 Objedn\u00e1vkov\u00fd formul\u00e1\u0159 Z\u00e1rubn\u011b Objedn\u00e1vkov\u00fd \/ popt\u00e1vkov\u00fd formul\u00e1\u0159 Objedn\u00e1vkov\u00fd formul\u00e1\u0159 pro standardn\u00ed z\u00e1rubn\u011b Objedn\u00e1vkov\u00fd formul\u00e1\u0159 pro atypick\u00e9 z\u00e1rubn\u011b Objedn\u00e1vkov\u00fd formul\u00e1\u0159 pro z\u00e1rubn\u011b s nadsv\u011btl\u00edkem Objedn\u00e1vkov\u00fd formul\u00e1\u0159 pro z\u00e1rubn\u011b s postrann\u00edm sv\u011btl\u00edkem Vzory pro vypln\u011bn\u00ed objedn\u00e1vkov\u00fdch formul\u00e1\u0159\u016f Dve\u0159e Objedn\u00e1vkov\u00fd formul\u00e1\u0159 pro dve\u0159e Vzor pro vypln\u011bn\u00ed objedn\u00e1vkov\u00e9ho formul\u00e1\u0159e Nena\u0161li [&hellip;]\" \/>\n<meta property=\"og:url\" content=\"https:\/\/www.hse.cz\/index.php\/zakaznicka-podpora\/\" \/>\n<meta property=\"og:site_name\" content=\"HSE, spol. s r.o.\" \/>\n<meta property=\"article:publisher\" content=\"https:\/\/www.facebook.com\/HSEcz\/?locale=cs_CZ\" \/>\n<meta property=\"article:modified_time\" content=\"2024-12-13T16:24:12+00:00\" \/>\n<meta property=\"og:image\" content=\"https:\/\/www.hse.cz\/wp-content\/uploads\/2021\/05\/logo-hse.png\" \/>\n\t<meta property=\"og:image:width\" content=\"1000\" \/>\n\t<meta property=\"og:image:height\" content=\"1000\" \/>\n\t<meta property=\"og:image:type\" content=\"image\/png\" \/>\n<meta name=\"twitter:card\" content=\"summary_large_image\" \/>\n<meta name=\"twitter:label1\" content=\"Odhadovan\u00e1 doba \u010dten\u00ed\" \/>\n\t<meta name=\"twitter:data1\" content=\"1 minuta\" \/>\n<script type=\"application\/ld+json\" class=\"yoast-schema-graph\">{\"@context\":\"https:\\\/\\\/schema.org\",\"@graph\":[{\"@type\":\"WebPage\",\"@id\":\"https:\\\/\\\/www.hse.cz\\\/index.php\\\/zakaznicka-podpora\\\/\",\"url\":\"https:\\\/\\\/www.hse.cz\\\/index.php\\\/zakaznicka-podpora\\\/\",\"name\":\"HSE, spol. s r.o. - Z\u00e1kaznick\u00e1 podpora\",\"isPartOf\":{\"@id\":\"https:\\\/\\\/www.hse.cz\\\/#website\"},\"primaryImageOfPage\":{\"@id\":\"https:\\\/\\\/www.hse.cz\\\/index.php\\\/zakaznicka-podpora\\\/#primaryimage\"},\"image\":{\"@id\":\"https:\\\/\\\/www.hse.cz\\\/index.php\\\/zakaznicka-podpora\\\/#primaryimage\"},\"thumbnailUrl\":\"https:\\\/\\\/www.hse.cz\\\/wp-content\\\/uploads\\\/2021\\\/05\\\/logo-hse.png\",\"datePublished\":\"2021-05-10T11:17:37+00:00\",\"dateModified\":\"2024-12-13T16:24:12+00:00\",\"breadcrumb\":{\"@id\":\"https:\\\/\\\/www.hse.cz\\\/index.php\\\/zakaznicka-podpora\\\/#breadcrumb\"},\"inLanguage\":\"cs\",\"potentialAction\":[{\"@type\":\"ReadAction\",\"target\":[\"https:\\\/\\\/www.hse.cz\\\/index.php\\\/zakaznicka-podpora\\\/\"]}]},{\"@type\":\"ImageObject\",\"inLanguage\":\"cs\",\"@id\":\"https:\\\/\\\/www.hse.cz\\\/index.php\\\/zakaznicka-podpora\\\/#primaryimage\",\"url\":\"https:\\\/\\\/www.hse.cz\\\/wp-content\\\/uploads\\\/2021\\\/05\\\/logo-hse.png\",\"contentUrl\":\"https:\\\/\\\/www.hse.cz\\\/wp-content\\\/uploads\\\/2021\\\/05\\\/logo-hse.png\",\"width\":1000,\"height\":1000},{\"@type\":\"BreadcrumbList\",\"@id\":\"https:\\\/\\\/www.hse.cz\\\/index.php\\\/zakaznicka-podpora\\\/#breadcrumb\",\"itemListElement\":[{\"@type\":\"ListItem\",\"position\":1,\"name\":\"Home\",\"item\":\"https:\\\/\\\/www.hse.cz\\\/\"},{\"@type\":\"ListItem\",\"position\":2,\"name\":\"Z\u00e1kaznick\u00e1 podpora\"}]},{\"@type\":\"WebSite\",\"@id\":\"https:\\\/\\\/www.hse.cz\\\/#website\",\"url\":\"https:\\\/\\\/www.hse.cz\\\/\",\"name\":\"HSE, spol. s r.o.\",\"description\":\"Ocelov\u00e9 dve\u0159e, z\u00e1rubn\u011b a po\u017e\u00e1rn\u00ed uz\u00e1v\u011bry na m\u00edru\",\"publisher\":{\"@id\":\"https:\\\/\\\/www.hse.cz\\\/#organization\"},\"alternateName\":\"Humpoleck\u00e9 stavebn\u00ed elementy\",\"potentialAction\":[{\"@type\":\"SearchAction\",\"target\":{\"@type\":\"EntryPoint\",\"urlTemplate\":\"https:\\\/\\\/www.hse.cz\\\/?s={search_term_string}\"},\"query-input\":{\"@type\":\"PropertyValueSpecification\",\"valueRequired\":true,\"valueName\":\"search_term_string\"}}],\"inLanguage\":\"cs\"},{\"@type\":\"Organization\",\"@id\":\"https:\\\/\\\/www.hse.cz\\\/#organization\",\"name\":\"HSE, spol. s r.o.\",\"alternateName\":\"Humpoleck\u00e9 stavebn\u00ed elementy\",\"url\":\"https:\\\/\\\/www.hse.cz\\\/\",\"logo\":{\"@type\":\"ImageObject\",\"inLanguage\":\"cs\",\"@id\":\"https:\\\/\\\/www.hse.cz\\\/#\\\/schema\\\/logo\\\/image\\\/\",\"url\":\"https:\\\/\\\/www.hse.cz\\\/wp-content\\\/uploads\\\/2019\\\/11\\\/hse_web_logo_2020.svg\",\"contentUrl\":\"https:\\\/\\\/www.hse.cz\\\/wp-content\\\/uploads\\\/2019\\\/11\\\/hse_web_logo_2020.svg\",\"caption\":\"HSE, spol. s r.o.\"},\"image\":{\"@id\":\"https:\\\/\\\/www.hse.cz\\\/#\\\/schema\\\/logo\\\/image\\\/\"},\"sameAs\":[\"https:\\\/\\\/www.facebook.com\\\/HSEcz\\\/?locale=cs_CZ\"]}]}<\/script>\n<!-- \/ Yoast SEO plugin. -->","yoast_head_json":{"title":"HSE, spol. s r.o. - Z\u00e1kaznick\u00e1 podpora","robots":{"index":"index","follow":"follow","max-snippet":"max-snippet:-1","max-image-preview":"max-image-preview:large","max-video-preview":"max-video-preview:-1"},"canonical":"https:\/\/www.hse.cz\/index.php\/zakaznicka-podpora\/","og_locale":"cs_CZ","og_type":"article","og_title":"HSE, spol. s r.o. - Z\u00e1kaznick\u00e1 podpora","og_description":"Z\u00e1kaznick\u00e1 podpora Dokumenty ke sta\u017een\u00ed Reklama\u010dn\u00ed \u0159\u00e1d Reklama\u010dn\u00ed formul\u00e1\u0159 Objedn\u00e1vkov\u00fd formul\u00e1\u0159 Z\u00e1rubn\u011b Objedn\u00e1vkov\u00fd \/ popt\u00e1vkov\u00fd formul\u00e1\u0159 Objedn\u00e1vkov\u00fd formul\u00e1\u0159 pro standardn\u00ed z\u00e1rubn\u011b Objedn\u00e1vkov\u00fd formul\u00e1\u0159 pro atypick\u00e9 z\u00e1rubn\u011b Objedn\u00e1vkov\u00fd formul\u00e1\u0159 pro z\u00e1rubn\u011b s nadsv\u011btl\u00edkem Objedn\u00e1vkov\u00fd formul\u00e1\u0159 pro z\u00e1rubn\u011b s postrann\u00edm sv\u011btl\u00edkem Vzory pro vypln\u011bn\u00ed objedn\u00e1vkov\u00fdch formul\u00e1\u0159\u016f Dve\u0159e Objedn\u00e1vkov\u00fd formul\u00e1\u0159 pro dve\u0159e Vzor pro vypln\u011bn\u00ed objedn\u00e1vkov\u00e9ho formul\u00e1\u0159e Nena\u0161li [&hellip;]","og_url":"https:\/\/www.hse.cz\/index.php\/zakaznicka-podpora\/","og_site_name":"HSE, spol. s r.o.","article_publisher":"https:\/\/www.facebook.com\/HSEcz\/?locale=cs_CZ","article_modified_time":"2024-12-13T16:24:12+00:00","og_image":[{"width":1000,"height":1000,"url":"https:\/\/www.hse.cz\/wp-content\/uploads\/2021\/05\/logo-hse.png","type":"image\/png"}],"twitter_card":"summary_large_image","twitter_misc":{"Odhadovan\u00e1 doba \u010dten\u00ed":"1 minuta"},"schema":{"@context":"https:\/\/schema.org","@graph":[{"@type":"WebPage","@id":"https:\/\/www.hse.cz\/index.php\/zakaznicka-podpora\/","url":"https:\/\/www.hse.cz\/index.php\/zakaznicka-podpora\/","name":"HSE, spol. s r.o. - Z\u00e1kaznick\u00e1 podpora","isPartOf":{"@id":"https:\/\/www.hse.cz\/#website"},"primaryImageOfPage":{"@id":"https:\/\/www.hse.cz\/index.php\/zakaznicka-podpora\/#primaryimage"},"image":{"@id":"https:\/\/www.hse.cz\/index.php\/zakaznicka-podpora\/#primaryimage"},"thumbnailUrl":"https:\/\/www.hse.cz\/wp-content\/uploads\/2021\/05\/logo-hse.png","datePublished":"2021-05-10T11:17:37+00:00","dateModified":"2024-12-13T16:24:12+00:00","breadcrumb":{"@id":"https:\/\/www.hse.cz\/index.php\/zakaznicka-podpora\/#breadcrumb"},"inLanguage":"cs","potentialAction":[{"@type":"ReadAction","target":["https:\/\/www.hse.cz\/index.php\/zakaznicka-podpora\/"]}]},{"@type":"ImageObject","inLanguage":"cs","@id":"https:\/\/www.hse.cz\/index.php\/zakaznicka-podpora\/#primaryimage","url":"https:\/\/www.hse.cz\/wp-content\/uploads\/2021\/05\/logo-hse.png","contentUrl":"https:\/\/www.hse.cz\/wp-content\/uploads\/2021\/05\/logo-hse.png","width":1000,"height":1000},{"@type":"BreadcrumbList","@id":"https:\/\/www.hse.cz\/index.php\/zakaznicka-podpora\/#breadcrumb","itemListElement":[{"@type":"ListItem","position":1,"name":"Home","item":"https:\/\/www.hse.cz\/"},{"@type":"ListItem","position":2,"name":"Z\u00e1kaznick\u00e1 podpora"}]},{"@type":"WebSite","@id":"https:\/\/www.hse.cz\/#website","url":"https:\/\/www.hse.cz\/","name":"HSE, spol. s r.o.","description":"Ocelov\u00e9 dve\u0159e, z\u00e1rubn\u011b a po\u017e\u00e1rn\u00ed uz\u00e1v\u011bry na m\u00edru","publisher":{"@id":"https:\/\/www.hse.cz\/#organization"},"alternateName":"Humpoleck\u00e9 stavebn\u00ed elementy","potentialAction":[{"@type":"SearchAction","target":{"@type":"EntryPoint","urlTemplate":"https:\/\/www.hse.cz\/?s={search_term_string}"},"query-input":{"@type":"PropertyValueSpecification","valueRequired":true,"valueName":"search_term_string"}}],"inLanguage":"cs"},{"@type":"Organization","@id":"https:\/\/www.hse.cz\/#organization","name":"HSE, spol. s r.o.","alternateName":"Humpoleck\u00e9 stavebn\u00ed elementy","url":"https:\/\/www.hse.cz\/","logo":{"@type":"ImageObject","inLanguage":"cs","@id":"https:\/\/www.hse.cz\/#\/schema\/logo\/image\/","url":"https:\/\/www.hse.cz\/wp-content\/uploads\/2019\/11\/hse_web_logo_2020.svg","contentUrl":"https:\/\/www.hse.cz\/wp-content\/uploads\/2019\/11\/hse_web_logo_2020.svg","caption":"HSE, spol. s r.o."},"image":{"@id":"https:\/\/www.hse.cz\/#\/schema\/logo\/image\/"},"sameAs":["https:\/\/www.facebook.com\/HSEcz\/?locale=cs_CZ"]}]}},"_links":{"self":[{"href":"https:\/\/www.hse.cz\/index.php\/wp-json\/wp\/v2\/pages\/7621","targetHints":{"allow":["GET"]}}],"collection":[{"href":"https:\/\/www.hse.cz\/index.php\/wp-json\/wp\/v2\/pages"}],"about":[{"href":"https:\/\/www.hse.cz\/index.php\/wp-json\/wp\/v2\/types\/page"}],"author":[{"embeddable":true,"href":"https:\/\/www.hse.cz\/index.php\/wp-json\/wp\/v2\/users\/1"}],"replies":[{"embeddable":true,"href":"https:\/\/www.hse.cz\/index.php\/wp-json\/wp\/v2\/comments?post=7621"}],"version-history":[{"count":2,"href":"https:\/\/www.hse.cz\/index.php\/wp-json\/wp\/v2\/pages\/7621\/revisions"}],"predecessor-version":[{"id":13362,"href":"https:\/\/www.hse.cz\/index.php\/wp-json\/wp\/v2\/pages\/7621\/revisions\/13362"}],"wp:featuredmedia":[{"embeddable":true,"href":"https:\/\/www.hse.cz\/index.php\/wp-json\/wp\/v2\/media\/7543"}],"wp:attachment":[{"href":"https:\/\/www.hse.cz\/index.php\/wp-json\/wp\/v2\/media?parent=7621"}],"wp:term":[{"taxonomy":"folder","embeddable":true,"href":"https:\/\/www.hse.cz\/index.php\/wp-json\/wp\/v2\/folder?post=7621"}],"curies":[{"name":"wp","href":"https:\/\/api.w.org\/{rel}","templated":true}]}}